{"id":201,"date":"2021-05-14T01:51:46","date_gmt":"2021-05-13T22:51:46","guid":{"rendered":"https:\/\/bedentberlin.de\/?page_id=201"},"modified":"2021-05-14T14:15:55","modified_gmt":"2021-05-14T11:15:55","slug":"blog","status":"publish","type":"page","link":"https:\/\/bedentberlin.de\/tr\/blog\/","title":{"rendered":"Blog"},"content":{"rendered":"\t\t<div data-elementor-type=\"wp-page\" data-elementor-id=\"201\" class=\"elementor elementor-201\" data-elementor-settings=\"[]\">\n\t\t\t\t\t\t\t<div class=\"elementor-section-wrap\">\n\t\t\t\t\t\t\t<section class=\"elementor-section elementor-top-section elementor-element elementor-element-48d52f47 elementor-section-height-min-height elementor-section-boxed elementor-section-height-default elementor-section-items-middle\" data-id=\"48d52f47\" data-element_type=\"section\" data-settings=\"{&quot;background_background&quot;:&quot;classic&quot;}\">\n\t\t\t\t\t\t\t<div class=\"elementor-background-overlay\"><\/div>\n\t\t\t\t\t\t\t<div class=\"elementor-container elementor-column-gap-wider\">\n\t\t\t\t\t<div class=\"elementor-column elementor-col-100 elementor-top-column elementor-element elementor-element-4bce21b5\" data-id=\"4bce21b5\" data-element_type=\"column\">\n\t\t\t<div class=\"elementor-widget-wrap elementor-element-populated\">\n\t\t\t\t\t\t\t\t<div class=\"elementor-element elementor-element-b8bbcb0 elementor-widget elementor-widget-heading\" data-id=\"b8bbcb0\" data-element_type=\"widget\" data-widget_type=\"heading.default\">\n\t\t\t\t<div class=\"elementor-widget-container\">\n\t\t\t<h1 class=\"elementor-heading-title elementor-size-default\">Blog<\/h1>\t\t<\/div>\n\t\t\t\t<\/div>\n\t\t\t\t\t<\/div>\n\t\t<\/div>\n\t\t\t\t\t\t\t<\/div>\n\t\t<\/section>\n\t\t\t\t<section class=\"elementor-section elementor-top-section elementor-element elementor-element-7a00c25 elementor-section-boxed elementor-section-height-default elementor-section-height-default\" data-id=\"7a00c25\" data-element_type=\"section\" data-settings=\"{&quot;background_background&quot;:&quot;classic&quot;}\">\n\t\t\t\t\t\t<div class=\"elementor-container elementor-column-gap-wider\">\n\t\t\t\t\t<div class=\"elementor-column elementor-col-100 elementor-top-column elementor-element elementor-element-116daaed\" data-id=\"116daaed\" data-element_type=\"column\">\n\t\t\t<div class=\"elementor-widget-wrap elementor-element-populated\">\n\t\t\t\t\t\t\t\t<div class=\"elementor-element elementor-element-1a487c58 elementor-invisible elementor-widget elementor-widget-heading\" data-id=\"1a487c58\" data-element_type=\"widget\" data-settings=\"{&quot;_animation&quot;:&quot;fadeInDown&quot;}\" data-widget_type=\"heading.default\">\n\t\t\t\t<div class=\"elementor-widget-container\">\n\t\t\t<div class=\"elementor-heading-title elementor-size-default\">Blog<\/div>\t\t<\/div>\n\t\t\t\t<\/div>\n\t\t\t\t<div class=\"elementor-element elementor-element-4d76b7cf elementor-invisible elementor-widget elementor-widget-heading\" data-id=\"4d76b7cf\" data-element_type=\"widget\" data-settings=\"{&quot;_animation&quot;:&quot;fadeInLeft&quot;,&quot;_animation_delay&quot;:&quot;400&quot;}\" data-widget_type=\"heading.default\">\n\t\t\t\t<div class=\"elementor-widget-container\">\n\t\t\t<h2 class=\"elementor-heading-title elementor-size-default\">G\u00fcncel \u0130\u00e7erikler<\/h2>\t\t<\/div>\n\t\t\t\t<\/div>\n\t\t\t\t\t<\/div>\n\t\t<\/div>\n\t\t\t\t\t\t\t<\/div>\n\t\t<\/section>\n\t\t\t\t<section class=\"elementor-section elementor-top-section elementor-element elementor-element-514d123 elementor-section-boxed elementor-section-height-default elementor-section-height-default\" data-id=\"514d123\" data-element_type=\"section\">\n\t\t\t\t\t\t<div class=\"elementor-container elementor-column-gap-default\">\n\t\t\t\t\t<div class=\"elementor-column elementor-col-100 elementor-top-column elementor-element elementor-element-b099e7c\" data-id=\"b099e7c\" data-element_type=\"column\">\n\t\t\t<div class=\"elementor-widget-wrap elementor-element-populated\">\n\t\t\t\t\t\t\t\t<div class=\"elementor-element elementor-element-367783a elementor-widget elementor-widget-elementskit-blog-posts\" data-id=\"367783a\" data-element_type=\"widget\" data-widget_type=\"elementskit-blog-posts.default\">\n\t\t\t\t<div class=\"elementor-widget-container\">\n\t\t\t<div class=\"ekit-wid-con\" >        <div id=\"post-items--367783a\" class=\"row post-items\">\n                    <div class=\"col-md-12\">\n\n                                    <div class=\"elementskit-blog-block-post\">\n                        <div class=\"row no-gutters\">\n                                                            <div class=\"col-md-6 order-1\">\n                                    <a href=\"https:\/\/bedentberlin.de\/tr\/implantin-asamalari-nelerdir\/\" class=\"elementskit-entry-thumb\">\n                                        <img decoding=\"async\" src=\"https:\/\/bedentberlin.de\/wp-content\/uploads\/2021\/05\/3334-1024x540.jpg\" alt=\"\u0130mplant\u0131n A\u015famalar\u0131 Nelerdir?\">\n                                    <\/a><!-- .elementskit-entry-thumb END -->\n                                <\/div>\n                            \n                            <div class=\"col-md-6 order-2\">\n                                <div class=\"elementskit-post-body \">\n                                    <div class=\"elementskit-entry-header\">\n                                        \n                                                                                                                                                                        \n                                            \n                                                                                                            <h2 class=\"entry-title\">\n                    <a href=\"https:\/\/bedentberlin.de\/tr\/implantin-asamalari-nelerdir\/\">\n                            \u0130mplant\u0131n A\u015famalar\u0131 Nelerdir?                    <\/a>\n                <\/h2>\n                                                                                                <\/div><!-- .elementskit-entry-header END -->\n\n                                                                            <div class=\"elementskit-post-footer\">\n                                                                                            <p>1- Muayene ve Planlama Muayene a\u015famas\u0131nda detayl\u0131 bir a\u011f\u0131z i\u00e7i muayene ile di\u015fetleri, alt ve \u00fcst \u00e7enenin ve di\u015flerin birbirleriyle ili\u015fkileri gibi durumlar incelenir. Uygulanacak implantlar\u0131n say\u0131s\u0131 boyu tipi implantlar\u0131n \u00fcst\u00fcne yap\u0131lacak protezler \u00e7ene cerrah\u0131 ve di\u015f hekiminin kombine \u00e7al\u0131\u015fmas\u0131yla kararla\u015ft\u0131r\u0131l\u0131r. Klasik radyografilerin yan\u0131 s\u0131ra komplike vakalarda \u00fc\u00e7 boyutlu tomografi al\u0131narak \u00f6zel bir cihazda \u00e7enenin [&hellip;]<\/p>\n                                                                                                                                <\/div><!-- .elementskit-post-footer END -->\n                                                                    <\/div><!-- .elementskit-post-body END -->\n                            <\/div>\n                        <\/div>\n                    <\/div><!-- .elementskit-blog-block-post .radius .gradient-bg END -->\n                \n            <\/div>\n                    <div class=\"col-md-12\">\n\n                                    <div class=\"elementskit-blog-block-post\">\n                        <div class=\"row no-gutters\">\n                                                            <div class=\"col-md-6 order-1\">\n                                    <a href=\"https:\/\/bedentberlin.de\/tr\/gulus-estetigi-porselen-lamina\/\" class=\"elementskit-entry-thumb\">\n                                        <img decoding=\"async\" src=\"https:\/\/bedentberlin.de\/wp-content\/uploads\/2021\/05\/ddd-1024x684.jpg\" alt=\"G\u00fcl\u00fc\u015f Esteti\u011fi Porselen Lamina\">\n                                    <\/a><!-- .elementskit-entry-thumb END -->\n                                <\/div>\n                            \n                            <div class=\"col-md-6 order-2\">\n                                <div class=\"elementskit-post-body \">\n                                    <div class=\"elementskit-entry-header\">\n                                        \n                                                                                                                                                                        \n                                            \n                                                                                                            <h2 class=\"entry-title\">\n                    <a href=\"https:\/\/bedentberlin.de\/tr\/gulus-estetigi-porselen-lamina\/\">\n                            G\u00fcl\u00fc\u015f Esteti\u011fi Porselen Lamina                    <\/a>\n                <\/h2>\n                                                                                                <\/div><!-- .elementskit-entry-header END -->\n\n                                                                            <div class=\"elementskit-post-footer\">\n                                                                                            <p>Estetik bir g\u00fcl\u00fcmseme i\u00e7in olmazsa olmaz \u015fartlar\u0131n ba\u015f\u0131nda \u00f6ncelikle sa\u011fl\u0131kl\u0131 di\u015fler gelir. Do\u011fru ve d\u00fczenli yap\u0131lan a\u011f\u0131z ve di\u015f bak\u0131mlar\u0131, aksat\u0131lmayan rutin hekim kontrolleri ve zaman\u0131nda m\u00fcdahale edilmi\u015f rahats\u0131zl\u0131klar sa\u011fl\u0131kl\u0131 di\u015flerin dolay\u0131s\u0131yla g\u00fczel bir g\u00fcl\u00fc\u015f\u00fcn\u00a0 yap\u0131 ta\u015flar\u0131d\u0131r. Ancak baz\u0131 durumlarda, her ne kadar di\u015flerin ve a\u011f\u0131z i\u00e7i ortam\u0131n\u0131n sa\u011f\u0131l\u0131\u011f\u0131n\u0131 ve hijyenini korumaya \u00e7al\u0131\u015fsak da \u00e7apra\u015f\u0131kl\u0131klar, [&hellip;]<\/p>\n                                                                                                                                <\/div><!-- .elementskit-post-footer END -->\n                                                                    <\/div><!-- .elementskit-post-body END -->\n                            <\/div>\n                        <\/div>\n                    <\/div><!-- .elementskit-blog-block-post .radius .gradient-bg END -->\n                \n            <\/div>\n                    <div class=\"col-md-12\">\n\n                                    <div class=\"elementskit-blog-block-post\">\n                        <div class=\"row no-gutters\">\n                                                            <div class=\"col-md-6 order-1\">\n                                    <a href=\"https:\/\/bedentberlin.de\/tr\/kanal-tedavisi-nedir-hangi-durumlarda-uygulanir\/\" class=\"elementskit-entry-thumb\">\n                                        <img decoding=\"async\" src=\"https:\/\/bedentberlin.de\/wp-content\/uploads\/2021\/05\/2-1024x683.jpg\" alt=\"Kanal Tedavisi Nedir ? Hangi Durumlarda Uygulan\u0131r ?\">\n                                    <\/a><!-- .elementskit-entry-thumb END -->\n                                <\/div>\n                            \n                            <div class=\"col-md-6 order-2\">\n                                <div class=\"elementskit-post-body \">\n                                    <div class=\"elementskit-entry-header\">\n                                        \n                                                                                                                                                                        \n                                            \n                                                                                                            <h2 class=\"entry-title\">\n                    <a href=\"https:\/\/bedentberlin.de\/tr\/kanal-tedavisi-nedir-hangi-durumlarda-uygulanir\/\">\n                            Kanal Tedavisi Nedir ? Hangi Durumlarda Uygulan\u0131r ?                    <\/a>\n                <\/h2>\n                                                                                                <\/div><!-- .elementskit-entry-header END -->\n\n                                                                            <div class=\"elementskit-post-footer\">\n                                                                                            <p>Kanal tedavisi, di\u015f \u00e7\u00fcr\u00fc\u011f\u00fcn\u00fcn pulpa ad\u0131n\u0131 verdi\u011fimiz di\u015fin sinir ve kan damarlar\u0131n\u0131n bulundu\u011fu k\u0131sma kadar ilerledi\u011fi durumlarda, pulpa dokusunun \u00e7\u0131kar\u0131larak sinirlerin bulundu\u011fu kanallar\u0131n v\u00fccut ile uyumlu dolgu materyalleri ile doldurulmas\u0131 i\u015flemidir. \u00c7\u00fcr\u00fc\u011f\u00fcn, sinirlerin bulundu\u011fu pulpa odas\u0131na kadar ilerledi\u011fi durumlarda, pulpa kuafaj\u0131 veya amputasyon yap\u0131lm\u0131\u015f olmas\u0131na ra\u011fmen di\u015fte \u015fiddetli a\u011fr\u0131 oldu\u011funda, di\u015fte sinirlerin a\u00e7\u0131\u011fa \u00e7\u0131kmas\u0131na sebep [&hellip;]<\/p>\n                                                                                                                                <\/div><!-- .elementskit-post-footer END -->\n                                                                    <\/div><!-- .elementskit-post-body END -->\n                            <\/div>\n                        <\/div>\n                    <\/div><!-- .elementskit-blog-block-post .radius .gradient-bg END -->\n                \n            <\/div>\n                <\/div>\n       <\/div>\t\t<\/div>\n\t\t\t\t<\/div>\n\t\t\t\t\t<\/div>\n\t\t<\/div>\n\t\t\t\t\t\t\t<\/div>\n\t\t<\/section>\n\t\t\t\t\t\t<\/div>\n\t\t\t\t\t<\/div>\n\t\t","protected":false},"excerpt":{"rendered":"<p>Blog Blog G\u00fcncel \u0130\u00e7erikler \u0130mplant\u0131n A\u015famalar\u0131 Nelerdir? 1- Muayene ve Planlama Muayene a\u015famas\u0131nda detayl\u0131 bir a\u011f\u0131z i\u00e7i muayene ile di\u015fetleri, alt ve \u00fcst \u00e7enenin ve di\u015flerin birbirleriyle ili\u015fkileri gibi durumlar incelenir. Uygulanacak implantlar\u0131n say\u0131s\u0131 boyu tipi implantlar\u0131n \u00fcst\u00fcne yap\u0131lacak protezler \u00e7ene cerrah\u0131 ve di\u015f hekiminin kombine \u00e7al\u0131\u015fmas\u0131yla kararla\u015ft\u0131r\u0131l\u0131r. Klasik radyografilerin yan\u0131 s\u0131ra komplike vakalarda \u00fc\u00e7 [&hellip;]<\/p>\n","protected":false},"author":1,"featured_media":0,"parent":0,"menu_order":0,"comment_status":"closed","ping_status":"closed","template":"","meta":{"footnotes":""},"class_list":["post-201","page","type-page","status-publish","hentry"],"yoast_head":"<!-- This site is optimized with the Yoast SEO plugin v17.8 - https:\/\/yoast.com\/wordpress\/plugins\/seo\/ -->\n<title>Blog - T\u00fcrk di\u015f Doktoru \u00d6zlem Seyfi - Berlin T\u00fcrk Di\u015f Doktoru<\/title>\n<meta name=\"robots\" content=\"index, follow, max-snippet:-1, max-image-preview:large, max-video-preview:-1\" \/>\n<link rel=\"canonical\" href=\"https:\/\/bedentberlin.de\/tr\/blog\/\" \/>\n<meta property=\"og:locale\" content=\"tr_TR\" \/>\n<meta property=\"og:type\" content=\"article\" \/>\n<meta property=\"og:title\" content=\"Blog - T\u00fcrk di\u015f Doktoru \u00d6zlem Seyfi - Berlin T\u00fcrk Di\u015f Doktoru\" \/>\n<meta property=\"og:description\" content=\"Blog Blog G\u00fcncel \u0130\u00e7erikler \u0130mplant\u0131n A\u015famalar\u0131 Nelerdir? 1- Muayene ve Planlama Muayene a\u015famas\u0131nda detayl\u0131 bir a\u011f\u0131z i\u00e7i muayene ile di\u015fetleri, alt ve \u00fcst \u00e7enenin ve di\u015flerin birbirleriyle ili\u015fkileri gibi durumlar incelenir. Uygulanacak implantlar\u0131n say\u0131s\u0131 boyu tipi implantlar\u0131n \u00fcst\u00fcne yap\u0131lacak protezler \u00e7ene cerrah\u0131 ve di\u015f hekiminin kombine \u00e7al\u0131\u015fmas\u0131yla kararla\u015ft\u0131r\u0131l\u0131r. Klasik radyografilerin yan\u0131 s\u0131ra komplike vakalarda \u00fc\u00e7 [&hellip;]\" \/>\n<meta property=\"og:url\" content=\"https:\/\/bedentberlin.de\/tr\/blog\/\" \/>\n<meta property=\"og:site_name\" content=\"T\u00fcrk di\u015f Doktoru \u00d6zlem Seyfi - Berlin T\u00fcrk Di\u015f Doktoru\" \/>\n<meta property=\"article:modified_time\" content=\"2021-05-14T11:15:55+00:00\" \/>\n<meta property=\"og:image\" content=\"https:\/\/bedentberlin.de\/wp-content\/uploads\/2021\/05\/3334-1024x540.jpg\" \/>\n<meta name=\"twitter:card\" content=\"summary_large_image\" \/>\n<meta name=\"twitter:label1\" content=\"Est. reading time\" \/>\n\t<meta name=\"twitter:data1\" content=\"2 minutes\" \/>\n<script type=\"application\/ld+json\" class=\"yoast-schema-graph\">{\"@context\":\"https:\/\/schema.org\",\"@graph\":[{\"@type\":\"WebSite\",\"@id\":\"https:\/\/bedentberlin.de\/en\/#website\",\"url\":\"https:\/\/bedentberlin.de\/en\/\",\"name\":\"T\\u00fcrk di\\u015f Doktoru \\u00d6zlem Seyfi - Berlin T\\u00fcrk Di\\u015f Doktoru\",\"description\":\"\",\"potentialAction\":[{\"@type\":\"SearchAction\",\"target\":{\"@type\":\"EntryPoint\",\"urlTemplate\":\"https:\/\/bedentberlin.de\/en\/?s={search_term_string}\"},\"query-input\":\"required name=search_term_string\"}],\"inLanguage\":\"tr\"},{\"@type\":\"ImageObject\",\"@id\":\"https:\/\/bedentberlin.de\/tr\/blog\/#primaryimage\",\"inLanguage\":\"tr\",\"url\":\"https:\/\/bedentberlin.de\/wp-content\/uploads\/2021\/05\/3334.jpg\",\"contentUrl\":\"https:\/\/bedentberlin.de\/wp-content\/uploads\/2021\/05\/3334.jpg\",\"width\":1800,\"height\":949},{\"@type\":\"WebPage\",\"@id\":\"https:\/\/bedentberlin.de\/tr\/blog\/#webpage\",\"url\":\"https:\/\/bedentberlin.de\/tr\/blog\/\",\"name\":\"Blog - T\\u00fcrk di\\u015f Doktoru \\u00d6zlem Seyfi - Berlin T\\u00fcrk Di\\u015f Doktoru\",\"isPartOf\":{\"@id\":\"https:\/\/bedentberlin.de\/en\/#website\"},\"primaryImageOfPage\":{\"@id\":\"https:\/\/bedentberlin.de\/tr\/blog\/#primaryimage\"},\"datePublished\":\"2021-05-13T22:51:46+00:00\",\"dateModified\":\"2021-05-14T11:15:55+00:00\",\"breadcrumb\":{\"@id\":\"https:\/\/bedentberlin.de\/tr\/blog\/#breadcrumb\"},\"inLanguage\":\"tr\",\"potentialAction\":[{\"@type\":\"ReadAction\",\"target\":[\"https:\/\/bedentberlin.de\/tr\/blog\/\"]}]},{\"@type\":\"BreadcrumbList\",\"@id\":\"https:\/\/bedentberlin.de\/tr\/blog\/#breadcrumb\",\"itemListElement\":[{\"@type\":\"ListItem\",\"position\":1,\"name\":\"Anasayfa\",\"item\":\"https:\/\/bedentberlin.de\/tr\/\"},{\"@type\":\"ListItem\",\"position\":2,\"name\":\"Blog\"}]}]}<\/script>\n<!-- \/ Yoast SEO plugin. -->","yoast_head_json":{"title":"Blog - T\u00fcrk di\u015f Doktoru \u00d6zlem Seyfi - Berlin T\u00fcrk Di\u015f Doktoru","robots":{"index":"index","follow":"follow","max-snippet":"max-snippet:-1","max-image-preview":"max-image-preview:large","max-video-preview":"max-video-preview:-1"},"canonical":"https:\/\/bedentberlin.de\/tr\/blog\/","og_locale":"tr_TR","og_type":"article","og_title":"Blog - T\u00fcrk di\u015f Doktoru \u00d6zlem Seyfi - Berlin T\u00fcrk Di\u015f Doktoru","og_description":"Blog Blog G\u00fcncel \u0130\u00e7erikler \u0130mplant\u0131n A\u015famalar\u0131 Nelerdir? 1- Muayene ve Planlama Muayene a\u015famas\u0131nda detayl\u0131 bir a\u011f\u0131z i\u00e7i muayene ile di\u015fetleri, alt ve \u00fcst \u00e7enenin ve di\u015flerin birbirleriyle ili\u015fkileri gibi durumlar incelenir. Uygulanacak implantlar\u0131n say\u0131s\u0131 boyu tipi implantlar\u0131n \u00fcst\u00fcne yap\u0131lacak protezler \u00e7ene cerrah\u0131 ve di\u015f hekiminin kombine \u00e7al\u0131\u015fmas\u0131yla kararla\u015ft\u0131r\u0131l\u0131r. Klasik radyografilerin yan\u0131 s\u0131ra komplike vakalarda \u00fc\u00e7 [&hellip;]","og_url":"https:\/\/bedentberlin.de\/tr\/blog\/","og_site_name":"T\u00fcrk di\u015f Doktoru \u00d6zlem Seyfi - Berlin T\u00fcrk Di\u015f Doktoru","article_modified_time":"2021-05-14T11:15:55+00:00","og_image":[{"url":"https:\/\/bedentberlin.de\/wp-content\/uploads\/2021\/05\/3334-1024x540.jpg"}],"twitter_card":"summary_large_image","twitter_misc":{"Est. reading time":"2 minutes"},"schema":{"@context":"https:\/\/schema.org","@graph":[{"@type":"WebSite","@id":"https:\/\/bedentberlin.de\/en\/#website","url":"https:\/\/bedentberlin.de\/en\/","name":"T\u00fcrk di\u015f Doktoru \u00d6zlem Seyfi - Berlin T\u00fcrk Di\u015f Doktoru","description":"","potentialAction":[{"@type":"SearchAction","target":{"@type":"EntryPoint","urlTemplate":"https:\/\/bedentberlin.de\/en\/?s={search_term_string}"},"query-input":"required name=search_term_string"}],"inLanguage":"tr"},{"@type":"ImageObject","@id":"https:\/\/bedentberlin.de\/tr\/blog\/#primaryimage","inLanguage":"tr","url":"https:\/\/bedentberlin.de\/wp-content\/uploads\/2021\/05\/3334.jpg","contentUrl":"https:\/\/bedentberlin.de\/wp-content\/uploads\/2021\/05\/3334.jpg","width":1800,"height":949},{"@type":"WebPage","@id":"https:\/\/bedentberlin.de\/tr\/blog\/#webpage","url":"https:\/\/bedentberlin.de\/tr\/blog\/","name":"Blog - T\u00fcrk di\u015f Doktoru \u00d6zlem Seyfi - Berlin T\u00fcrk Di\u015f Doktoru","isPartOf":{"@id":"https:\/\/bedentberlin.de\/en\/#website"},"primaryImageOfPage":{"@id":"https:\/\/bedentberlin.de\/tr\/blog\/#primaryimage"},"datePublished":"2021-05-13T22:51:46+00:00","dateModified":"2021-05-14T11:15:55+00:00","breadcrumb":{"@id":"https:\/\/bedentberlin.de\/tr\/blog\/#breadcrumb"},"inLanguage":"tr","potentialAction":[{"@type":"ReadAction","target":["https:\/\/bedentberlin.de\/tr\/blog\/"]}]},{"@type":"BreadcrumbList","@id":"https:\/\/bedentberlin.de\/tr\/blog\/#breadcrumb","itemListElement":[{"@type":"ListItem","position":1,"name":"Anasayfa","item":"https:\/\/bedentberlin.de\/tr\/"},{"@type":"ListItem","position":2,"name":"Blog"}]}]}},"_links":{"self":[{"href":"https:\/\/bedentberlin.de\/tr\/wp-json\/wp\/v2\/pages\/201","targetHints":{"allow":["GET"]}}],"collection":[{"href":"https:\/\/bedentberlin.de\/tr\/wp-json\/wp\/v2\/pages"}],"about":[{"href":"https:\/\/bedentberlin.de\/tr\/wp-json\/wp\/v2\/types\/page"}],"author":[{"embeddable":true,"href":"https:\/\/bedentberlin.de\/tr\/wp-json\/wp\/v2\/users\/1"}],"replies":[{"embeddable":true,"href":"https:\/\/bedentberlin.de\/tr\/wp-json\/wp\/v2\/comments?post=201"}],"version-history":[{"count":7,"href":"https:\/\/bedentberlin.de\/tr\/wp-json\/wp\/v2\/pages\/201\/revisions"}],"predecessor-version":[{"id":237,"href":"https:\/\/bedentberlin.de\/tr\/wp-json\/wp\/v2\/pages\/201\/revisions\/237"}],"wp:attachment":[{"href":"https:\/\/bedentberlin.de\/tr\/wp-json\/wp\/v2\/media?parent=201"}],"curies":[{"name":"wp","href":"https:\/\/api.w.org\/{rel}","templated":true}]}}