{"id":199,"date":"2021-05-14T01:51:35","date_gmt":"2021-05-13T22:51:35","guid":{"rendered":"https:\/\/bedentberlin.de\/?page_id=199"},"modified":"2021-05-15T14:52:18","modified_gmt":"2021-05-15T11:52:18","slug":"hakkimda","status":"publish","type":"page","link":"https:\/\/bedentberlin.de\/tr\/hakkimda\/","title":{"rendered":"Hakk\u0131mda"},"content":{"rendered":"\t\t<div data-elementor-type=\"wp-page\" data-elementor-id=\"199\" class=\"elementor elementor-199\" data-elementor-settings=\"[]\">\n\t\t\t\t\t\t\t<div class=\"elementor-section-wrap\">\n\t\t\t\t\t\t\t<section class=\"elementor-section elementor-top-section elementor-element elementor-element-4ccfd321 elementor-section-height-min-height elementor-section-boxed elementor-section-height-default elementor-section-items-middle\" data-id=\"4ccfd321\" data-element_type=\"section\" data-settings=\"{&quot;background_background&quot;:&quot;classic&quot;}\">\n\t\t\t\t\t\t\t<div class=\"elementor-background-overlay\"><\/div>\n\t\t\t\t\t\t\t<div class=\"elementor-container elementor-column-gap-wider\">\n\t\t\t\t\t<div class=\"elementor-column elementor-col-100 elementor-top-column elementor-element elementor-element-80c6654\" data-id=\"80c6654\" data-element_type=\"column\">\n\t\t\t<div class=\"elementor-widget-wrap elementor-element-populated\">\n\t\t\t\t\t\t\t\t<div class=\"elementor-element elementor-element-780f4959 elementor-invisible elementor-widget elementor-widget-heading\" data-id=\"780f4959\" data-element_type=\"widget\" data-settings=\"{&quot;_animation&quot;:&quot;fadeInDown&quot;}\" data-widget_type=\"heading.default\">\n\t\t\t\t<div class=\"elementor-widget-container\">\n\t\t\t<h1 class=\"elementor-heading-title elementor-size-default\">Di\u015f Hekimi \u00d6zlem Seyfi<\/h1>\t\t<\/div>\n\t\t\t\t<\/div>\n\t\t\t\t\t<\/div>\n\t\t<\/div>\n\t\t\t\t\t\t\t<\/div>\n\t\t<\/section>\n\t\t\t\t<section class=\"elementor-section elementor-top-section elementor-element elementor-element-45bbed41 elementor-reverse-mobile elementor-section-boxed elementor-section-height-default elementor-section-height-default\" data-id=\"45bbed41\" data-element_type=\"section\">\n\t\t\t\t\t\t<div class=\"elementor-container elementor-column-gap-wider\">\n\t\t\t\t\t<div class=\"elementor-column elementor-col-33 elementor-top-column elementor-element elementor-element-26643776\" data-id=\"26643776\" data-element_type=\"column\">\n\t\t\t<div class=\"elementor-widget-wrap elementor-element-populated\">\n\t\t\t\t\t\t\t\t<div class=\"elementor-element elementor-element-6c55b6fd elementor-widget__width-auto elementor-invisible elementor-widget elementor-widget-image\" data-id=\"6c55b6fd\" data-element_type=\"widget\" data-settings=\"{&quot;_animation&quot;:&quot;fadeInDown&quot;}\" data-widget_type=\"image.default\">\n\t\t\t\t<div class=\"elementor-widget-container\">\n\t\t\t\t\t\t\t\t\t\t\t\t\t\t\t<img loading=\"lazy\" decoding=\"async\" width=\"506\" height=\"644\" src=\"https:\/\/bedentberlin.de\/wp-content\/uploads\/2021\/05\/bew-foto.jpg\" class=\"attachment-full size-full\" alt=\"\" srcset=\"https:\/\/bedentberlin.de\/wp-content\/uploads\/2021\/05\/bew-foto.jpg 506w, https:\/\/bedentberlin.de\/wp-content\/uploads\/2021\/05\/bew-foto-236x300.jpg 236w\" sizes=\"auto, (max-width: 506px) 100vw, 506px\" \/>\t\t\t\t\t\t\t\t\t\t\t\t\t\t\t<\/div>\n\t\t\t\t<\/div>\n\t\t\t\t\t<\/div>\n\t\t<\/div>\n\t\t\t\t<div class=\"elementor-column elementor-col-33 elementor-top-column elementor-element elementor-element-2afa2352\" data-id=\"2afa2352\" data-element_type=\"column\">\n\t\t\t<div class=\"elementor-widget-wrap\">\n\t\t\t\t\t\t\t\t\t<\/div>\n\t\t<\/div>\n\t\t\t\t<div class=\"elementor-column elementor-col-33 elementor-top-column elementor-element elementor-element-713eabc9\" data-id=\"713eabc9\" data-element_type=\"column\">\n\t\t\t<div class=\"elementor-widget-wrap elementor-element-populated\">\n\t\t\t\t\t\t\t\t<div class=\"elementor-element elementor-element-6b01fd16 elementor-invisible elementor-widget elementor-widget-heading\" data-id=\"6b01fd16\" data-element_type=\"widget\" data-settings=\"{&quot;_animation&quot;:&quot;fadeInDown&quot;}\" data-widget_type=\"heading.default\">\n\t\t\t\t<div class=\"elementor-widget-container\">\n\t\t\t<div class=\"elementor-heading-title elementor-size-default\">Berlin T\u00fcrk Di\u015f Doktoru<\/div>\t\t<\/div>\n\t\t\t\t<\/div>\n\t\t\t\t<div class=\"elementor-element elementor-element-141f52b0 elementor-invisible elementor-widget elementor-widget-heading\" data-id=\"141f52b0\" data-element_type=\"widget\" data-settings=\"{&quot;_animation&quot;:&quot;fadeInLeft&quot;,&quot;_animation_delay&quot;:&quot;200&quot;}\" data-widget_type=\"heading.default\">\n\t\t\t\t<div class=\"elementor-widget-container\">\n\t\t\t<h2 class=\"elementor-heading-title elementor-size-default\">Dt. \u00d6zlem Seyfi <\/h2>\t\t<\/div>\n\t\t\t\t<\/div>\n\t\t\t\t<div class=\"elementor-element elementor-element-20b42860 elementor-invisible elementor-widget elementor-widget-text-editor\" data-id=\"20b42860\" data-element_type=\"widget\" data-settings=\"{&quot;_animation&quot;:&quot;fadeInDown&quot;}\" data-widget_type=\"text-editor.default\">\n\t\t\t\t<div class=\"elementor-widget-container\">\n\t\t\t\t\t\t\t<p class=\"p2\"><span class=\"s1\">Di\u015f hekimi \u00d6zlem Seyfi 1982 y\u0131l\u0131nda Erzurum&#8217;da do\u011fmu\u015ftur.<\/span><\/p><p><strong><span class=\"s1\">Mesleki Tecr\u00fcbeleri<br \/><\/span><\/strong><\/p><ul><li><span class=\"s1\">2002-2006 T\u0131p fak\u00fcltesi GAU G\u00f6ttingen<\/span><\/li><li class=\"p1\"><span class=\"s1\">2007-2012 Di\u015f Hekimli\u011fi Fak\u00fcltesi Charite<span class=\"Apple-converted-space\">\u00a0<\/span><\/span><\/li><li class=\"p1\"><span class=\"s1\">2012 Di\u015f Hekimi Mezuniyet<\/span><\/li><li class=\"p1\"><span class=\"s1\">2012-2014 Assistanlik Di\u015f Klini\u011fi Berlin<\/span><\/li><li class=\"p1\"><span class=\"s1\">2014-2021 Berlin &#8211; Di\u015f Klini\u011finde P<\/span><span class=\"s1\">eriodontoloji ve \u00c7ocuk Tedavisi<\/span><\/li><li class=\"p1\"><span class=\"s1\">2016-2017 Periodontoloji Uzmanl\u0131\u011f\u0131 <\/span><span class=\"s1\">PPI Berlin<\/span><\/li><li class=\"p1\"><span class=\"s1\">01\/2020 Nitr\u00f6z Oksit &#8220;G\u00fcld\u00fcr\u00fcc\u00fc Gaz\u201c<span class=\"Apple-converted-space\"> E\u011f<\/span><\/span><span class=\"s1\">itimi<\/span><\/li><li class=\"p1\"><span class=\"s1\">06\/2020 Do\u011fal Tedavi Uzmanl\u0131\u011f\u0131 E\u011fitimi<\/span><\/li><li class=\"p1\"><span class=\"s1\">06\/2021 Thomas Welker Di\u015f Muayenehanesi<span class=\"Apple-converted-space\"> devir<\/span><\/span><\/li><\/ul><p>\u00a0<\/p><p class=\"p1\"><span class=\"s1\"><strong>Yabanc\u0131 Diller :<\/strong> <\/span><\/p><ol><li class=\"p1\"><span class=\"s1\">Almanca<\/span><\/li><li class=\"p1\"><span class=\"s1\">\u0130ngilizce<\/span><\/li><li class=\"p1\"><span class=\"s1\">Franzs\u0131ca<\/span><\/li><\/ol><p>\u00a0<\/p><p class=\"p1\"><span class=\"s1\"><strong>Mesleki \u00dcyelikler:<\/strong> <\/span><\/p><ol><li class=\"p1\"><span class=\"s1\">Dentista e.v.<\/span><\/li><\/ol>\t\t\t\t\t\t<\/div>\n\t\t\t\t<\/div>\n\t\t\t\t\t<\/div>\n\t\t<\/div>\n\t\t\t\t\t\t\t<\/div>\n\t\t<\/section>\n\t\t\t\t\t\t<\/div>\n\t\t\t\t\t<\/div>\n\t\t","protected":false},"excerpt":{"rendered":"<p>Di\u015f Hekimi \u00d6zlem Seyfi Berlin T\u00fcrk Di\u015f Doktoru Dt. \u00d6zlem Seyfi Di\u015f hekimi \u00d6zlem Seyfi 1982 y\u0131l\u0131nda Erzurum&#8217;da do\u011fmu\u015ftur. Mesleki Tecr\u00fcbeleri 2002-2006 T\u0131p fak\u00fcltesi GAU G\u00f6ttingen 2007-2012 Di\u015f Hekimli\u011fi Fak\u00fcltesi Charite\u00a0 2012 Di\u015f Hekimi Mezuniyet 2012-2014 Assistanlik Di\u015f Klini\u011fi Berlin 2014-2021 Berlin &#8211; Di\u015f Klini\u011finde Periodontoloji ve \u00c7ocuk Tedavisi 2016-2017 Periodontoloji Uzmanl\u0131\u011f\u0131 PPI Berlin 01\/2020 [&hellip;]<\/p>\n","protected":false},"author":1,"featured_media":0,"parent":0,"menu_order":0,"comment_status":"closed","ping_status":"closed","template":"","meta":{"footnotes":""},"class_list":["post-199","page","type-page","status-publish","hentry"],"yoast_head":"<!-- This site is optimized with the Yoast SEO plugin v17.8 - https:\/\/yoast.com\/wordpress\/plugins\/seo\/ -->\n<title>Hakk\u0131mda - T\u00fcrk di\u015f Doktoru \u00d6zlem Seyfi - Berlin T\u00fcrk Di\u015f Doktoru<\/title>\n<meta name=\"robots\" content=\"index, follow, max-snippet:-1, max-image-preview:large, max-video-preview:-1\" \/>\n<link rel=\"canonical\" href=\"https:\/\/bedentberlin.de\/tr\/hakkimda\/\" \/>\n<meta property=\"og:locale\" content=\"tr_TR\" \/>\n<meta property=\"og:type\" content=\"article\" \/>\n<meta property=\"og:title\" content=\"Hakk\u0131mda - T\u00fcrk di\u015f Doktoru \u00d6zlem Seyfi - Berlin T\u00fcrk Di\u015f Doktoru\" \/>\n<meta property=\"og:description\" content=\"Di\u015f Hekimi \u00d6zlem Seyfi Berlin T\u00fcrk Di\u015f Doktoru Dt. \u00d6zlem Seyfi Di\u015f hekimi \u00d6zlem Seyfi 1982 y\u0131l\u0131nda Erzurum&#8217;da do\u011fmu\u015ftur. Mesleki Tecr\u00fcbeleri 2002-2006 T\u0131p fak\u00fcltesi GAU G\u00f6ttingen 2007-2012 Di\u015f Hekimli\u011fi Fak\u00fcltesi Charite\u00a0 2012 Di\u015f Hekimi Mezuniyet 2012-2014 Assistanlik Di\u015f Klini\u011fi Berlin 2014-2021 Berlin &#8211; Di\u015f Klini\u011finde Periodontoloji ve \u00c7ocuk Tedavisi 2016-2017 Periodontoloji Uzmanl\u0131\u011f\u0131 PPI Berlin 01\/2020 [&hellip;]\" \/>\n<meta property=\"og:url\" content=\"https:\/\/bedentberlin.de\/tr\/hakkimda\/\" \/>\n<meta property=\"og:site_name\" content=\"T\u00fcrk di\u015f Doktoru \u00d6zlem Seyfi - Berlin T\u00fcrk Di\u015f Doktoru\" \/>\n<meta property=\"article:modified_time\" content=\"2021-05-15T11:52:18+00:00\" \/>\n<meta property=\"og:image\" content=\"https:\/\/bedentberlin.de\/wp-content\/uploads\/2021\/05\/bew-foto.jpg\" \/>\n<meta name=\"twitter:card\" content=\"summary_large_image\" \/>\n<meta name=\"twitter:label1\" content=\"Est. reading time\" \/>\n\t<meta name=\"twitter:data1\" content=\"1 minute\" \/>\n<script type=\"application\/ld+json\" class=\"yoast-schema-graph\">{\"@context\":\"https:\/\/schema.org\",\"@graph\":[{\"@type\":\"WebSite\",\"@id\":\"https:\/\/bedentberlin.de\/en\/#website\",\"url\":\"https:\/\/bedentberlin.de\/en\/\",\"name\":\"T\\u00fcrk di\\u015f Doktoru \\u00d6zlem Seyfi - Berlin T\\u00fcrk Di\\u015f Doktoru\",\"description\":\"\",\"potentialAction\":[{\"@type\":\"SearchAction\",\"target\":{\"@type\":\"EntryPoint\",\"urlTemplate\":\"https:\/\/bedentberlin.de\/en\/?s={search_term_string}\"},\"query-input\":\"required name=search_term_string\"}],\"inLanguage\":\"tr\"},{\"@type\":\"ImageObject\",\"@id\":\"https:\/\/bedentberlin.de\/tr\/hakkimda\/#primaryimage\",\"inLanguage\":\"tr\",\"url\":\"https:\/\/bedentberlin.de\/wp-content\/uploads\/2021\/05\/bew-foto.jpg\",\"contentUrl\":\"https:\/\/bedentberlin.de\/wp-content\/uploads\/2021\/05\/bew-foto.jpg\",\"width\":506,\"height\":644},{\"@type\":\"WebPage\",\"@id\":\"https:\/\/bedentberlin.de\/tr\/hakkimda\/#webpage\",\"url\":\"https:\/\/bedentberlin.de\/tr\/hakkimda\/\",\"name\":\"Hakk\\u0131mda - T\\u00fcrk di\\u015f Doktoru \\u00d6zlem Seyfi - Berlin T\\u00fcrk Di\\u015f Doktoru\",\"isPartOf\":{\"@id\":\"https:\/\/bedentberlin.de\/en\/#website\"},\"primaryImageOfPage\":{\"@id\":\"https:\/\/bedentberlin.de\/tr\/hakkimda\/#primaryimage\"},\"datePublished\":\"2021-05-13T22:51:35+00:00\",\"dateModified\":\"2021-05-15T11:52:18+00:00\",\"breadcrumb\":{\"@id\":\"https:\/\/bedentberlin.de\/tr\/hakkimda\/#breadcrumb\"},\"inLanguage\":\"tr\",\"potentialAction\":[{\"@type\":\"ReadAction\",\"target\":[\"https:\/\/bedentberlin.de\/tr\/hakkimda\/\"]}]},{\"@type\":\"BreadcrumbList\",\"@id\":\"https:\/\/bedentberlin.de\/tr\/hakkimda\/#breadcrumb\",\"itemListElement\":[{\"@type\":\"ListItem\",\"position\":1,\"name\":\"Anasayfa\",\"item\":\"https:\/\/bedentberlin.de\/tr\/\"},{\"@type\":\"ListItem\",\"position\":2,\"name\":\"Hakk\\u0131mda\"}]}]}<\/script>\n<!-- \/ Yoast SEO plugin. -->","yoast_head_json":{"title":"Hakk\u0131mda - T\u00fcrk di\u015f Doktoru \u00d6zlem Seyfi - Berlin T\u00fcrk Di\u015f Doktoru","robots":{"index":"index","follow":"follow","max-snippet":"max-snippet:-1","max-image-preview":"max-image-preview:large","max-video-preview":"max-video-preview:-1"},"canonical":"https:\/\/bedentberlin.de\/tr\/hakkimda\/","og_locale":"tr_TR","og_type":"article","og_title":"Hakk\u0131mda - T\u00fcrk di\u015f Doktoru \u00d6zlem Seyfi - Berlin T\u00fcrk Di\u015f Doktoru","og_description":"Di\u015f Hekimi \u00d6zlem Seyfi Berlin T\u00fcrk Di\u015f Doktoru Dt. \u00d6zlem Seyfi Di\u015f hekimi \u00d6zlem Seyfi 1982 y\u0131l\u0131nda Erzurum&#8217;da do\u011fmu\u015ftur. Mesleki Tecr\u00fcbeleri 2002-2006 T\u0131p fak\u00fcltesi GAU G\u00f6ttingen 2007-2012 Di\u015f Hekimli\u011fi Fak\u00fcltesi Charite\u00a0 2012 Di\u015f Hekimi Mezuniyet 2012-2014 Assistanlik Di\u015f Klini\u011fi Berlin 2014-2021 Berlin &#8211; Di\u015f Klini\u011finde Periodontoloji ve \u00c7ocuk Tedavisi 2016-2017 Periodontoloji Uzmanl\u0131\u011f\u0131 PPI Berlin 01\/2020 [&hellip;]","og_url":"https:\/\/bedentberlin.de\/tr\/hakkimda\/","og_site_name":"T\u00fcrk di\u015f Doktoru \u00d6zlem Seyfi - Berlin T\u00fcrk Di\u015f Doktoru","article_modified_time":"2021-05-15T11:52:18+00:00","og_image":[{"url":"https:\/\/bedentberlin.de\/wp-content\/uploads\/2021\/05\/bew-foto.jpg"}],"twitter_card":"summary_large_image","twitter_misc":{"Est. reading time":"1 minute"},"schema":{"@context":"https:\/\/schema.org","@graph":[{"@type":"WebSite","@id":"https:\/\/bedentberlin.de\/en\/#website","url":"https:\/\/bedentberlin.de\/en\/","name":"T\u00fcrk di\u015f Doktoru \u00d6zlem Seyfi - Berlin T\u00fcrk Di\u015f Doktoru","description":"","potentialAction":[{"@type":"SearchAction","target":{"@type":"EntryPoint","urlTemplate":"https:\/\/bedentberlin.de\/en\/?s={search_term_string}"},"query-input":"required name=search_term_string"}],"inLanguage":"tr"},{"@type":"ImageObject","@id":"https:\/\/bedentberlin.de\/tr\/hakkimda\/#primaryimage","inLanguage":"tr","url":"https:\/\/bedentberlin.de\/wp-content\/uploads\/2021\/05\/bew-foto.jpg","contentUrl":"https:\/\/bedentberlin.de\/wp-content\/uploads\/2021\/05\/bew-foto.jpg","width":506,"height":644},{"@type":"WebPage","@id":"https:\/\/bedentberlin.de\/tr\/hakkimda\/#webpage","url":"https:\/\/bedentberlin.de\/tr\/hakkimda\/","name":"Hakk\u0131mda - T\u00fcrk di\u015f Doktoru \u00d6zlem Seyfi - Berlin T\u00fcrk Di\u015f Doktoru","isPartOf":{"@id":"https:\/\/bedentberlin.de\/en\/#website"},"primaryImageOfPage":{"@id":"https:\/\/bedentberlin.de\/tr\/hakkimda\/#primaryimage"},"datePublished":"2021-05-13T22:51:35+00:00","dateModified":"2021-05-15T11:52:18+00:00","breadcrumb":{"@id":"https:\/\/bedentberlin.de\/tr\/hakkimda\/#breadcrumb"},"inLanguage":"tr","potentialAction":[{"@type":"ReadAction","target":["https:\/\/bedentberlin.de\/tr\/hakkimda\/"]}]},{"@type":"BreadcrumbList","@id":"https:\/\/bedentberlin.de\/tr\/hakkimda\/#breadcrumb","itemListElement":[{"@type":"ListItem","position":1,"name":"Anasayfa","item":"https:\/\/bedentberlin.de\/tr\/"},{"@type":"ListItem","position":2,"name":"Hakk\u0131mda"}]}]}},"_links":{"self":[{"href":"https:\/\/bedentberlin.de\/tr\/wp-json\/wp\/v2\/pages\/199","targetHints":{"allow":["GET"]}}],"collection":[{"href":"https:\/\/bedentberlin.de\/tr\/wp-json\/wp\/v2\/pages"}],"about":[{"href":"https:\/\/bedentberlin.de\/tr\/wp-json\/wp\/v2\/types\/page"}],"author":[{"embeddable":true,"href":"https:\/\/bedentberlin.de\/tr\/wp-json\/wp\/v2\/users\/1"}],"replies":[{"embeddable":true,"href":"https:\/\/bedentberlin.de\/tr\/wp-json\/wp\/v2\/comments?post=199"}],"version-history":[{"count":7,"href":"https:\/\/bedentberlin.de\/tr\/wp-json\/wp\/v2\/pages\/199\/revisions"}],"predecessor-version":[{"id":249,"href":"https:\/\/bedentberlin.de\/tr\/wp-json\/wp\/v2\/pages\/199\/revisions\/249"}],"wp:attachment":[{"href":"https:\/\/bedentberlin.de\/tr\/wp-json\/wp\/v2\/media?parent=199"}],"curies":[{"name":"wp","href":"https:\/\/api.w.org\/{rel}","templated":true}]}}