{"id":807,"date":"2021-10-01T22:46:09","date_gmt":"2021-10-01T19:46:09","guid":{"rendered":"https:\/\/bedentberlin.de\/?page_id=807\/"},"modified":"2021-10-01T22:58:38","modified_gmt":"2021-10-01T19:58:38","slug":"blog","status":"publish","type":"page","link":"https:\/\/bedentberlin.de\/en\/blog\/","title":{"rendered":"Blog"},"content":{"rendered":"\t\t<div data-elementor-type=\"wp-page\" data-elementor-id=\"807\" class=\"elementor elementor-807\" data-elementor-settings=\"[]\">\n\t\t\t\t\t\t\t<div class=\"elementor-section-wrap\">\n\t\t\t\t\t\t\t<section class=\"elementor-section elementor-top-section elementor-element elementor-element-ceeb840 elementor-section-height-min-height elementor-section-boxed elementor-section-height-default elementor-section-items-middle\" data-id=\"ceeb840\" data-element_type=\"section\" data-settings=\"{&quot;background_background&quot;:&quot;classic&quot;}\">\n\t\t\t\t\t\t\t<div class=\"elementor-background-overlay\"><\/div>\n\t\t\t\t\t\t\t<div class=\"elementor-container elementor-column-gap-wider\">\n\t\t\t\t\t<div class=\"elementor-column elementor-col-100 elementor-top-column elementor-element elementor-element-559b342\" data-id=\"559b342\" data-element_type=\"column\">\n\t\t\t<div class=\"elementor-widget-wrap elementor-element-populated\">\n\t\t\t\t\t\t\t\t<div class=\"elementor-element elementor-element-d6bafa9 elementor-widget elementor-widget-heading\" data-id=\"d6bafa9\" data-element_type=\"widget\" data-widget_type=\"heading.default\">\n\t\t\t\t<div class=\"elementor-widget-container\">\n\t\t\t<h1 class=\"elementor-heading-title elementor-size-default\">Blog<\/h1>\t\t<\/div>\n\t\t\t\t<\/div>\n\t\t\t\t\t<\/div>\n\t\t<\/div>\n\t\t\t\t\t\t\t<\/div>\n\t\t<\/section>\n\t\t\t\t<section class=\"elementor-section elementor-top-section elementor-element elementor-element-8597d48 elementor-section-boxed elementor-section-height-default elementor-section-height-default\" data-id=\"8597d48\" data-element_type=\"section\" data-settings=\"{&quot;background_background&quot;:&quot;classic&quot;}\">\n\t\t\t\t\t\t<div class=\"elementor-container elementor-column-gap-wider\">\n\t\t\t\t\t<div class=\"elementor-column elementor-col-100 elementor-top-column elementor-element elementor-element-d6ae508\" data-id=\"d6ae508\" data-element_type=\"column\">\n\t\t\t<div class=\"elementor-widget-wrap elementor-element-populated\">\n\t\t\t\t\t\t\t\t<div class=\"elementor-element elementor-element-70a18e4 elementor-invisible elementor-widget elementor-widget-heading\" data-id=\"70a18e4\" data-element_type=\"widget\" data-settings=\"{&quot;_animation&quot;:&quot;fadeInDown&quot;}\" data-widget_type=\"heading.default\">\n\t\t\t\t<div class=\"elementor-widget-container\">\n\t\t\t<div class=\"elementor-heading-title elementor-size-default\">Blog<\/div>\t\t<\/div>\n\t\t\t\t<\/div>\n\t\t\t\t<div class=\"elementor-element elementor-element-ebd2989 elementor-invisible elementor-widget elementor-widget-heading\" data-id=\"ebd2989\" data-element_type=\"widget\" data-settings=\"{&quot;_animation&quot;:&quot;fadeInLeft&quot;,&quot;_animation_delay&quot;:&quot;400&quot;}\" data-widget_type=\"heading.default\">\n\t\t\t\t<div class=\"elementor-widget-container\">\n\t\t\t<h2 class=\"elementor-heading-title elementor-size-default\">Latest Blogs<\/h2>\t\t<\/div>\n\t\t\t\t<\/div>\n\t\t\t\t\t<\/div>\n\t\t<\/div>\n\t\t\t\t\t\t\t<\/div>\n\t\t<\/section>\n\t\t\t\t<section class=\"elementor-section elementor-top-section elementor-element elementor-element-5c411b4 elementor-section-boxed elementor-section-height-default elementor-section-height-default\" data-id=\"5c411b4\" data-element_type=\"section\">\n\t\t\t\t\t\t<div class=\"elementor-container elementor-column-gap-default\">\n\t\t\t\t\t<div class=\"elementor-column elementor-col-100 elementor-top-column elementor-element elementor-element-23fcccd\" data-id=\"23fcccd\" data-element_type=\"column\">\n\t\t\t<div class=\"elementor-widget-wrap elementor-element-populated\">\n\t\t\t\t\t\t\t\t<div class=\"elementor-element elementor-element-96b7afd elementor-widget elementor-widget-elementskit-blog-posts\" data-id=\"96b7afd\" data-element_type=\"widget\" data-widget_type=\"elementskit-blog-posts.default\">\n\t\t\t\t<div class=\"elementor-widget-container\">\n\t\t\t<div class=\"ekit-wid-con\" >        <div id=\"post-items--96b7afd\" class=\"row post-items\">\n                    <div class=\"col-md-12\">\n\n                                    <div class=\"elementskit-blog-block-post\">\n                        <div class=\"row no-gutters\">\n                                                            <div class=\"col-md-6 order-1\">\n                                    <a href=\"https:\/\/bedentberlin.de\/en\/what-is-root-canal-treatment-in-which-cases-is-it-applied\/\" class=\"elementskit-entry-thumb\">\n                                        <img decoding=\"async\" src=\"https:\/\/bedentberlin.de\/wp-content\/uploads\/2021\/05\/2-1024x683.jpg\" alt=\"What is Root Canal Treatment? In Which Cases is It Applied?\">\n                                    <\/a><!-- .elementskit-entry-thumb END -->\n                                <\/div>\n                            \n                            <div class=\"col-md-6 order-2\">\n                                <div class=\"elementskit-post-body \">\n                                    <div class=\"elementskit-entry-header\">\n                                        \n                                                                                                                                                                        \n                                            \n                                                                                                            <h2 class=\"entry-title\">\n                    <a href=\"https:\/\/bedentberlin.de\/en\/what-is-root-canal-treatment-in-which-cases-is-it-applied\/\">\n                            What is Root Canal Treatment? In Which Cases is It Applied?                    <\/a>\n                <\/h2>\n                                                                                                <\/div><!-- .elementskit-entry-header END -->\n\n                                                                            <div class=\"elementskit-post-footer\">\n                                                                                            <p>In cases in which tooth decay progresses to the part that we call pulp where the nerves and blood vessels of the tooth are, the canal treatment is the process of removing the dental pulp tissue and filling the channels where the nerves are located with filler agents compatible with the body. The canal treatment [&hellip;]<\/p>\n                                                                                                                                <\/div><!-- .elementskit-post-footer END -->\n                                                                    <\/div><!-- .elementskit-post-body END -->\n                            <\/div>\n                        <\/div>\n                    <\/div><!-- .elementskit-blog-block-post .radius .gradient-bg END -->\n                \n            <\/div>\n                    <div class=\"col-md-12\">\n\n                                    <div class=\"elementskit-blog-block-post\">\n                        <div class=\"row no-gutters\">\n                                                            <div class=\"col-md-6 order-1\">\n                                    <a href=\"https:\/\/bedentberlin.de\/en\/smile-aesthetics-porcelain-lamina\/\" class=\"elementskit-entry-thumb\">\n                                        <img decoding=\"async\" src=\"https:\/\/bedentberlin.de\/wp-content\/uploads\/2021\/05\/ddd-1024x684.jpg\" alt=\"Smile Aesthetics Porcelain Lamina\">\n                                    <\/a><!-- .elementskit-entry-thumb END -->\n                                <\/div>\n                            \n                            <div class=\"col-md-6 order-2\">\n                                <div class=\"elementskit-post-body \">\n                                    <div class=\"elementskit-entry-header\">\n                                        \n                                                                                                                                                                        \n                                            \n                                                                                                            <h2 class=\"entry-title\">\n                    <a href=\"https:\/\/bedentberlin.de\/en\/smile-aesthetics-porcelain-lamina\/\">\n                            Smile Aesthetics Porcelain Lamina                    <\/a>\n                <\/h2>\n                                                                                                <\/div><!-- .elementskit-entry-header END -->\n\n                                                                            <div class=\"elementskit-post-footer\">\n                                                                                            <p>Healthy teeth come at the beginning of the absolute must for an aesthetic smile. Oral and dental care, made as correct and regular, not skipped routine dentist checks, ailments that are treated at the right time are the building blocks of healthy teeth and therefore a beautiful smile. However in some situations, although we try [&hellip;]<\/p>\n                                                                                                                                <\/div><!-- .elementskit-post-footer END -->\n                                                                    <\/div><!-- .elementskit-post-body END -->\n                            <\/div>\n                        <\/div>\n                    <\/div><!-- .elementskit-blog-block-post .radius .gradient-bg END -->\n                \n            <\/div>\n                    <div class=\"col-md-12\">\n\n                                    <div class=\"elementskit-blog-block-post\">\n                        <div class=\"row no-gutters\">\n                                                            <div class=\"col-md-6 order-1\">\n                                    <a href=\"https:\/\/bedentberlin.de\/en\/what-are-the-phases-of-implantation\/\" class=\"elementskit-entry-thumb\">\n                                        <img decoding=\"async\" src=\"https:\/\/bedentberlin.de\/wp-content\/uploads\/2021\/05\/3334-1024x540.jpg\" alt=\"What are the Phases of Implantation?\">\n                                    <\/a><!-- .elementskit-entry-thumb END -->\n                                <\/div>\n                            \n                            <div class=\"col-md-6 order-2\">\n                                <div class=\"elementskit-post-body \">\n                                    <div class=\"elementskit-entry-header\">\n                                        \n                                                                                                                                                                        \n                                            \n                                                                                                            <h2 class=\"entry-title\">\n                    <a href=\"https:\/\/bedentberlin.de\/en\/what-are-the-phases-of-implantation\/\">\n                            What are the Phases of Implantation?                    <\/a>\n                <\/h2>\n                                                                                                <\/div><!-- .elementskit-entry-header END -->\n\n                                                                            <div class=\"elementskit-post-footer\">\n                                                                                            <p>&#8211; Examination and Planning During the examination phase, circumstances such as the relation of gums, the lower and upper jaw, and teeth with one another are examined with a detailed oral examination. The number, size, type of implants to be applied and prostheses to be made on implants are decided by a combined work of [&hellip;]<\/p>\n                                                                                                                                <\/div><!-- .elementskit-post-footer END -->\n                                                                    <\/div><!-- .elementskit-post-body END -->\n                            <\/div>\n                        <\/div>\n                    <\/div><!-- .elementskit-blog-block-post .radius .gradient-bg END -->\n                \n            <\/div>\n                <\/div>\n       <\/div>\t\t<\/div>\n\t\t\t\t<\/div>\n\t\t\t\t\t<\/div>\n\t\t<\/div>\n\t\t\t\t\t\t\t<\/div>\n\t\t<\/section>\n\t\t\t\t\t\t<\/div>\n\t\t\t\t\t<\/div>\n\t\t","protected":false},"excerpt":{"rendered":"<p>Blog Blog Latest Blogs What is Root Canal Treatment? In Which Cases is It Applied? In cases in which tooth decay progresses to the part that we call pulp where the nerves and blood vessels of the tooth are, the canal treatment is the process of removing the dental pulp tissue and filling the channels [&hellip;]<\/p>\n","protected":false},"author":1,"featured_media":0,"parent":0,"menu_order":0,"comment_status":"closed","ping_status":"closed","template":"","meta":{"footnotes":""},"class_list":["post-807","page","type-page","status-publish","hentry"],"yoast_head":"<!-- This site is optimized with the Yoast SEO plugin v17.8 - https:\/\/yoast.com\/wordpress\/plugins\/seo\/ -->\n<title>Blog - T\u00fcrk di\u015f Doktoru \u00d6zlem Seyfi - Berlin T\u00fcrk Di\u015f Doktoru<\/title>\n<meta name=\"robots\" content=\"index, follow, max-snippet:-1, max-image-preview:large, max-video-preview:-1\" \/>\n<link rel=\"canonical\" href=\"https:\/\/bedentberlin.de\/en\/blog\/\" \/>\n<meta property=\"og:locale\" content=\"en_US\" \/>\n<meta property=\"og:type\" content=\"article\" \/>\n<meta property=\"og:title\" content=\"Blog - T\u00fcrk di\u015f Doktoru \u00d6zlem Seyfi - Berlin T\u00fcrk Di\u015f Doktoru\" \/>\n<meta property=\"og:description\" content=\"Blog Blog Latest Blogs What is Root Canal Treatment? In Which Cases is It Applied? In cases in which tooth decay progresses to the part that we call pulp where the nerves and blood vessels of the tooth are, the canal treatment is the process of removing the dental pulp tissue and filling the channels [&hellip;]\" \/>\n<meta property=\"og:url\" content=\"https:\/\/bedentberlin.de\/en\/blog\/\" \/>\n<meta property=\"og:site_name\" content=\"T\u00fcrk di\u015f Doktoru \u00d6zlem Seyfi - Berlin T\u00fcrk Di\u015f Doktoru\" \/>\n<meta property=\"article:modified_time\" content=\"2021-10-01T19:58:38+00:00\" \/>\n<meta property=\"og:image\" content=\"https:\/\/bedentberlin.de\/wp-content\/uploads\/2021\/05\/2-1024x683.jpg\" \/>\n<meta name=\"twitter:card\" content=\"summary_large_image\" \/>\n<meta name=\"twitter:label1\" content=\"Est. reading time\" \/>\n\t<meta name=\"twitter:data1\" content=\"2 minutes\" \/>\n<script type=\"application\/ld+json\" class=\"yoast-schema-graph\">{\"@context\":\"https:\/\/schema.org\",\"@graph\":[{\"@type\":\"WebSite\",\"@id\":\"https:\/\/bedentberlin.de\/en\/#website\",\"url\":\"https:\/\/bedentberlin.de\/en\/\",\"name\":\"T\\u00fcrk di\\u015f Doktoru \\u00d6zlem Seyfi - Berlin T\\u00fcrk Di\\u015f Doktoru\",\"description\":\"\",\"potentialAction\":[{\"@type\":\"SearchAction\",\"target\":{\"@type\":\"EntryPoint\",\"urlTemplate\":\"https:\/\/bedentberlin.de\/en\/?s={search_term_string}\"},\"query-input\":\"required name=search_term_string\"}],\"inLanguage\":\"en-US\"},{\"@type\":\"ImageObject\",\"@id\":\"https:\/\/bedentberlin.de\/en\/blog\/#primaryimage\",\"inLanguage\":\"en-US\",\"url\":\"https:\/\/bedentberlin.de\/wp-content\/uploads\/2021\/05\/2.jpg\",\"contentUrl\":\"https:\/\/bedentberlin.de\/wp-content\/uploads\/2021\/05\/2.jpg\",\"width\":1800,\"height\":1201,\"caption\":\"Young Woman Having a Dental Check-up\"},{\"@type\":\"WebPage\",\"@id\":\"https:\/\/bedentberlin.de\/en\/blog\/#webpage\",\"url\":\"https:\/\/bedentberlin.de\/en\/blog\/\",\"name\":\"Blog - T\\u00fcrk di\\u015f Doktoru \\u00d6zlem Seyfi - Berlin T\\u00fcrk Di\\u015f Doktoru\",\"isPartOf\":{\"@id\":\"https:\/\/bedentberlin.de\/en\/#website\"},\"primaryImageOfPage\":{\"@id\":\"https:\/\/bedentberlin.de\/en\/blog\/#primaryimage\"},\"datePublished\":\"2021-10-01T19:46:09+00:00\",\"dateModified\":\"2021-10-01T19:58:38+00:00\",\"breadcrumb\":{\"@id\":\"https:\/\/bedentberlin.de\/en\/blog\/#breadcrumb\"},\"inLanguage\":\"en-US\",\"potentialAction\":[{\"@type\":\"ReadAction\",\"target\":[\"https:\/\/bedentberlin.de\/en\/blog\/\"]}]},{\"@type\":\"BreadcrumbList\",\"@id\":\"https:\/\/bedentberlin.de\/en\/blog\/#breadcrumb\",\"itemListElement\":[{\"@type\":\"ListItem\",\"position\":1,\"name\":\"Anasayfa\",\"item\":\"https:\/\/bedentberlin.de\/en\/\"},{\"@type\":\"ListItem\",\"position\":2,\"name\":\"Blog\"}]}]}<\/script>\n<!-- \/ Yoast SEO plugin. -->","yoast_head_json":{"title":"Blog - T\u00fcrk di\u015f Doktoru \u00d6zlem Seyfi - Berlin T\u00fcrk Di\u015f Doktoru","robots":{"index":"index","follow":"follow","max-snippet":"max-snippet:-1","max-image-preview":"max-image-preview:large","max-video-preview":"max-video-preview:-1"},"canonical":"https:\/\/bedentberlin.de\/en\/blog\/","og_locale":"en_US","og_type":"article","og_title":"Blog - T\u00fcrk di\u015f Doktoru \u00d6zlem Seyfi - Berlin T\u00fcrk Di\u015f Doktoru","og_description":"Blog Blog Latest Blogs What is Root Canal Treatment? In Which Cases is It Applied? In cases in which tooth decay progresses to the part that we call pulp where the nerves and blood vessels of the tooth are, the canal treatment is the process of removing the dental pulp tissue and filling the channels [&hellip;]","og_url":"https:\/\/bedentberlin.de\/en\/blog\/","og_site_name":"T\u00fcrk di\u015f Doktoru \u00d6zlem Seyfi - Berlin T\u00fcrk Di\u015f Doktoru","article_modified_time":"2021-10-01T19:58:38+00:00","og_image":[{"url":"https:\/\/bedentberlin.de\/wp-content\/uploads\/2021\/05\/2-1024x683.jpg"}],"twitter_card":"summary_large_image","twitter_misc":{"Est. reading time":"2 minutes"},"schema":{"@context":"https:\/\/schema.org","@graph":[{"@type":"WebSite","@id":"https:\/\/bedentberlin.de\/en\/#website","url":"https:\/\/bedentberlin.de\/en\/","name":"T\u00fcrk di\u015f Doktoru \u00d6zlem Seyfi - Berlin T\u00fcrk Di\u015f Doktoru","description":"","potentialAction":[{"@type":"SearchAction","target":{"@type":"EntryPoint","urlTemplate":"https:\/\/bedentberlin.de\/en\/?s={search_term_string}"},"query-input":"required name=search_term_string"}],"inLanguage":"en-US"},{"@type":"ImageObject","@id":"https:\/\/bedentberlin.de\/en\/blog\/#primaryimage","inLanguage":"en-US","url":"https:\/\/bedentberlin.de\/wp-content\/uploads\/2021\/05\/2.jpg","contentUrl":"https:\/\/bedentberlin.de\/wp-content\/uploads\/2021\/05\/2.jpg","width":1800,"height":1201,"caption":"Young Woman Having a Dental Check-up"},{"@type":"WebPage","@id":"https:\/\/bedentberlin.de\/en\/blog\/#webpage","url":"https:\/\/bedentberlin.de\/en\/blog\/","name":"Blog - T\u00fcrk di\u015f Doktoru \u00d6zlem Seyfi - Berlin T\u00fcrk Di\u015f Doktoru","isPartOf":{"@id":"https:\/\/bedentberlin.de\/en\/#website"},"primaryImageOfPage":{"@id":"https:\/\/bedentberlin.de\/en\/blog\/#primaryimage"},"datePublished":"2021-10-01T19:46:09+00:00","dateModified":"2021-10-01T19:58:38+00:00","breadcrumb":{"@id":"https:\/\/bedentberlin.de\/en\/blog\/#breadcrumb"},"inLanguage":"en-US","potentialAction":[{"@type":"ReadAction","target":["https:\/\/bedentberlin.de\/en\/blog\/"]}]},{"@type":"BreadcrumbList","@id":"https:\/\/bedentberlin.de\/en\/blog\/#breadcrumb","itemListElement":[{"@type":"ListItem","position":1,"name":"Anasayfa","item":"https:\/\/bedentberlin.de\/en\/"},{"@type":"ListItem","position":2,"name":"Blog"}]}]}},"_links":{"self":[{"href":"https:\/\/bedentberlin.de\/en\/wp-json\/wp\/v2\/pages\/807","targetHints":{"allow":["GET"]}}],"collection":[{"href":"https:\/\/bedentberlin.de\/en\/wp-json\/wp\/v2\/pages"}],"about":[{"href":"https:\/\/bedentberlin.de\/en\/wp-json\/wp\/v2\/types\/page"}],"author":[{"embeddable":true,"href":"https:\/\/bedentberlin.de\/en\/wp-json\/wp\/v2\/users\/1"}],"replies":[{"embeddable":true,"href":"https:\/\/bedentberlin.de\/en\/wp-json\/wp\/v2\/comments?post=807"}],"version-history":[{"count":4,"href":"https:\/\/bedentberlin.de\/en\/wp-json\/wp\/v2\/pages\/807\/revisions"}],"predecessor-version":[{"id":812,"href":"https:\/\/bedentberlin.de\/en\/wp-json\/wp\/v2\/pages\/807\/revisions\/812"}],"wp:attachment":[{"href":"https:\/\/bedentberlin.de\/en\/wp-json\/wp\/v2\/media?parent=807"}],"curies":[{"name":"wp","href":"https:\/\/api.w.org\/{rel}","templated":true}]}}