{"id":791,"date":"2021-10-01T22:36:02","date_gmt":"2021-10-01T19:36:02","guid":{"rendered":"https:\/\/bedentberlin.de\/?page_id=791\/"},"modified":"2021-10-01T22:39:06","modified_gmt":"2021-10-01T19:39:06","slug":"faq","status":"publish","type":"page","link":"https:\/\/bedentberlin.de\/en\/faq\/","title":{"rendered":"FAQ"},"content":{"rendered":"\t\t<div data-elementor-type=\"wp-page\" data-elementor-id=\"791\" class=\"elementor elementor-791\" data-elementor-settings=\"[]\">\n\t\t\t\t\t\t\t<div class=\"elementor-section-wrap\">\n\t\t\t\t\t\t\t<section class=\"elementor-section elementor-top-section elementor-element elementor-element-5690817 elementor-section-height-min-height elementor-section-boxed elementor-section-height-default elementor-section-items-middle\" data-id=\"5690817\" data-element_type=\"section\" data-settings=\"{&quot;background_background&quot;:&quot;classic&quot;}\">\n\t\t\t\t\t\t\t<div class=\"elementor-background-overlay\"><\/div>\n\t\t\t\t\t\t\t<div class=\"elementor-container elementor-column-gap-wider\">\n\t\t\t\t\t<div class=\"elementor-column elementor-col-100 elementor-top-column elementor-element elementor-element-982e5a1\" data-id=\"982e5a1\" data-element_type=\"column\">\n\t\t\t<div class=\"elementor-widget-wrap elementor-element-populated\">\n\t\t\t\t\t\t\t\t<div class=\"elementor-element elementor-element-80587e9 elementor-invisible elementor-widget elementor-widget-heading\" data-id=\"80587e9\" data-element_type=\"widget\" data-settings=\"{&quot;_animation&quot;:&quot;fadeInDown&quot;}\" data-widget_type=\"heading.default\">\n\t\t\t\t<div class=\"elementor-widget-container\">\n\t\t\t<h1 class=\"elementor-heading-title elementor-size-default\">Frequently Asked Questions\n<\/h1>\t\t<\/div>\n\t\t\t\t<\/div>\n\t\t\t\t\t<\/div>\n\t\t<\/div>\n\t\t\t\t\t\t\t<\/div>\n\t\t<\/section>\n\t\t\t\t<section class=\"elementor-section elementor-top-section elementor-element elementor-element-36f79cd elementor-section-boxed elementor-section-height-default elementor-section-height-default\" data-id=\"36f79cd\" data-element_type=\"section\" data-settings=\"{&quot;background_background&quot;:&quot;classic&quot;}\">\n\t\t\t\t\t\t<div class=\"elementor-container elementor-column-gap-wider\">\n\t\t\t\t\t<div class=\"elementor-column elementor-col-33 elementor-top-column elementor-element elementor-element-d1075e7\" data-id=\"d1075e7\" data-element_type=\"column\">\n\t\t\t<div class=\"elementor-widget-wrap elementor-element-populated\">\n\t\t\t\t\t\t\t\t<div class=\"elementor-element elementor-element-a056ba8 elementor-widget__width-auto elementor-invisible elementor-widget elementor-widget-heading\" data-id=\"a056ba8\" data-element_type=\"widget\" data-settings=\"{&quot;_animation&quot;:&quot;fadeInDown&quot;,&quot;_animation_delay&quot;:500}\" data-widget_type=\"heading.default\">\n\t\t\t\t<div class=\"elementor-widget-container\">\n\t\t\t<div class=\"elementor-heading-title elementor-size-default\">CORPORATE<\/div>\t\t<\/div>\n\t\t\t\t<\/div>\n\t\t\t\t<div class=\"elementor-element elementor-element-31ab188 elementor-invisible elementor-widget elementor-widget-heading\" data-id=\"31ab188\" data-element_type=\"widget\" data-settings=\"{&quot;_animation&quot;:&quot;fadeInDown&quot;}\" data-widget_type=\"heading.default\">\n\t\t\t\t<div class=\"elementor-widget-container\">\n\t\t\t<h2 class=\"elementor-heading-title elementor-size-default\">FAQ<\/h2>\t\t<\/div>\n\t\t\t\t<\/div>\n\t\t\t\t<div class=\"elementor-element elementor-element-6fcef9f elementor-widget elementor-widget-toggle\" data-id=\"6fcef9f\" data-element_type=\"widget\" data-widget_type=\"toggle.default\">\n\t\t\t\t<div class=\"elementor-widget-container\">\n\t\t\t\t\t<div class=\"elementor-toggle\" role=\"tablist\">\n\t\t\t\t\t\t\t<div class=\"elementor-toggle-item\">\n\t\t\t\t\t<div id=\"elementor-tab-title-1171\" class=\"elementor-tab-title\" data-tab=\"1\" role=\"tab\" aria-controls=\"elementor-tab-content-1171\" aria-expanded=\"false\">\n\t\t\t\t\t\t\t\t\t\t\t\t<span class=\"elementor-toggle-icon elementor-toggle-icon-left\" aria-hidden=\"true\">\n\t\t\t\t\t\t\t\t\t\t\t\t\t\t\t<span class=\"elementor-toggle-icon-closed\"><i class=\"fas fa-caret-right\"><\/i><\/span>\n\t\t\t\t\t\t\t\t<span class=\"elementor-toggle-icon-opened\"><i class=\"elementor-toggle-icon-opened fas fa-caret-up\"><\/i><\/span>\n\t\t\t\t\t\t\t\t\t\t\t\t\t<\/span>\n\t\t\t\t\t\t\t\t\t\t\t\t<a href=\"\" class=\"elementor-toggle-title\">What Is AestheticDentistry?<\/a>\n\t\t\t\t\t<\/div>\n\n\t\t\t\t\t<div id=\"elementor-tab-content-1171\" class=\"elementor-tab-content elementor-clearfix\" data-tab=\"1\" role=\"tabpanel\" aria-labelledby=\"elementor-tab-title-1171\"><p>Aesthetic Dentistry is now an area that can appeal to all adult people. There are many benefits of being examined\u00a0by an aesthetic dentist for everyone\u00a0over the age of 18. Thanks to new practices in dentistry and minimum invasive techniques, that is to say, massive contributions can be provided with little touches. It is quite possible to change people&#8217;s sense of self-confidence and view of life.<br \/>The biggest medicine for depression is aesthetic dentistry practices. Generally, when women get demoralized, they go to the hairdresser but now the new trend\u00a0is going to\u00a0the dentist. With permanent and non-surgical treatments, it is possible to create exploding self-confidence by improving one&#8217;s spirit and supplying self-esteem.<br \/>Dental aesthetics is a must of\u00a0facial aesthetics. Just as the first area people are impressed when meeting for the first time is eyes at eye contact, at the first moment of a dialogue, it is the upper front teeth. All character analyses are performed through these teeth.<\/p><\/div>\n\t\t\t\t<\/div>\n\t\t\t\t\t\t\t<div class=\"elementor-toggle-item\">\n\t\t\t\t\t<div id=\"elementor-tab-title-1172\" class=\"elementor-tab-title\" data-tab=\"2\" role=\"tab\" aria-controls=\"elementor-tab-content-1172\" aria-expanded=\"false\">\n\t\t\t\t\t\t\t\t\t\t\t\t<span class=\"elementor-toggle-icon elementor-toggle-icon-left\" aria-hidden=\"true\">\n\t\t\t\t\t\t\t\t\t\t\t\t\t\t\t<span class=\"elementor-toggle-icon-closed\"><i class=\"fas fa-caret-right\"><\/i><\/span>\n\t\t\t\t\t\t\t\t<span class=\"elementor-toggle-icon-opened\"><i class=\"elementor-toggle-icon-opened fas fa-caret-up\"><\/i><\/span>\n\t\t\t\t\t\t\t\t\t\t\t\t\t<\/span>\n\t\t\t\t\t\t\t\t\t\t\t\t<a href=\"\" class=\"elementor-toggle-title\">   Is Dental Calculus (Tartar) Removal Harmful to Teeth?<\/a>\n\t\t\t\t\t<\/div>\n\n\t\t\t\t\t<div id=\"elementor-tab-content-1172\" class=\"elementor-tab-content elementor-clearfix\" data-tab=\"2\" role=\"tabpanel\" aria-labelledby=\"elementor-tab-title-1172\"><p>Having dental calculus removed is not harmful. As we have mentioned, these tartars that are formed in the teeth are caused as a result of the bacterium becoming petrified after a while in plaques. Suchlike formations are never useful.<\/p><\/div>\n\t\t\t\t<\/div>\n\t\t\t\t\t\t\t<div class=\"elementor-toggle-item\">\n\t\t\t\t\t<div id=\"elementor-tab-title-1173\" class=\"elementor-tab-title\" data-tab=\"3\" role=\"tab\" aria-controls=\"elementor-tab-content-1173\" aria-expanded=\"false\">\n\t\t\t\t\t\t\t\t\t\t\t\t<span class=\"elementor-toggle-icon elementor-toggle-icon-left\" aria-hidden=\"true\">\n\t\t\t\t\t\t\t\t\t\t\t\t\t\t\t<span class=\"elementor-toggle-icon-closed\"><i class=\"fas fa-caret-right\"><\/i><\/span>\n\t\t\t\t\t\t\t\t<span class=\"elementor-toggle-icon-opened\"><i class=\"elementor-toggle-icon-opened fas fa-caret-up\"><\/i><\/span>\n\t\t\t\t\t\t\t\t\t\t\t\t\t<\/span>\n\t\t\t\t\t\t\t\t\t\t\t\t<a href=\"\" class=\"elementor-toggle-title\">Whatis Tooth Whitening? Is it harmful to whiten theteeth? <\/a>\n\t\t\t\t\t<\/div>\n\n\t\t\t\t\t<div id=\"elementor-tab-content-1173\" class=\"elementor-tab-content elementor-clearfix\" data-tab=\"3\" role=\"tabpanel\" aria-labelledby=\"elementor-tab-title-1173\"><p>It is the process of removing the colored organic and inorganic substances, formed in the porous enamel layer of the surface of the teeth, with tooth whitening gels. With a condition of a protective gel that is applied to gums and if done by a dentist, there is no harm in the whitening process. A tooth can be whitened 3-4 tones.<\/p><\/div>\n\t\t\t\t<\/div>\n\t\t\t\t\t\t\t\t<\/div>\n\t\t\t\t<\/div>\n\t\t\t\t<\/div>\n\t\t\t\t\t<\/div>\n\t\t<\/div>\n\t\t\t\t<div class=\"elementor-column elementor-col-33 elementor-top-column elementor-element elementor-element-872913b\" data-id=\"872913b\" data-element_type=\"column\">\n\t\t\t<div class=\"elementor-widget-wrap\">\n\t\t\t\t\t\t\t\t\t<\/div>\n\t\t<\/div>\n\t\t\t\t<div class=\"elementor-column elementor-col-33 elementor-top-column elementor-element elementor-element-31c6f5b\" data-id=\"31c6f5b\" data-element_type=\"column\">\n\t\t\t<div class=\"elementor-widget-wrap elementor-element-populated\">\n\t\t\t\t\t\t\t\t<div class=\"elementor-element elementor-element-1aaf4b5 elementor-invisible elementor-widget elementor-widget-image\" data-id=\"1aaf4b5\" data-element_type=\"widget\" data-settings=\"{&quot;_animation&quot;:&quot;fadeInDown&quot;}\" data-widget_type=\"image.default\">\n\t\t\t\t<div class=\"elementor-widget-container\">\n\t\t\t\t\t\t\t\t\t\t\t\t\t\t\t<img loading=\"lazy\" decoding=\"async\" width=\"683\" height=\"1024\" src=\"https:\/\/bedentberlin.de\/wp-content\/uploads\/2021\/05\/woman-at-the-dentists-chair-during-a-dental-proced-P9XHJPJ-683x1024.jpg\" class=\"attachment-large size-large\" alt=\"\" srcset=\"https:\/\/bedentberlin.de\/wp-content\/uploads\/2021\/05\/woman-at-the-dentists-chair-during-a-dental-proced-P9XHJPJ-683x1024.jpg 683w, https:\/\/bedentberlin.de\/wp-content\/uploads\/2021\/05\/woman-at-the-dentists-chair-during-a-dental-proced-P9XHJPJ-200x300.jpg 200w, https:\/\/bedentberlin.de\/wp-content\/uploads\/2021\/05\/woman-at-the-dentists-chair-during-a-dental-proced-P9XHJPJ-768x1152.jpg 768w, https:\/\/bedentberlin.de\/wp-content\/uploads\/2021\/05\/woman-at-the-dentists-chair-during-a-dental-proced-P9XHJPJ-1024x1536.jpg 1024w, https:\/\/bedentberlin.de\/wp-content\/uploads\/2021\/05\/woman-at-the-dentists-chair-during-a-dental-proced-P9XHJPJ-1365x2048.jpg 1365w, https:\/\/bedentberlin.de\/wp-content\/uploads\/2021\/05\/woman-at-the-dentists-chair-during-a-dental-proced-P9XHJPJ.jpg 1500w\" sizes=\"auto, (max-width: 683px) 100vw, 683px\" \/>\t\t\t\t\t\t\t\t\t\t\t\t\t\t\t<\/div>\n\t\t\t\t<\/div>\n\t\t\t\t<div class=\"elementor-element elementor-element-e3b1499 elementor-invisible elementor-widget elementor-widget-image\" data-id=\"e3b1499\" data-element_type=\"widget\" data-settings=\"{&quot;_animation&quot;:&quot;fadeInUp&quot;}\" data-widget_type=\"image.default\">\n\t\t\t\t<div class=\"elementor-widget-container\">\n\t\t\t\t\t\t\t\t\t\t\t\t\t\t\t<img loading=\"lazy\" decoding=\"async\" width=\"800\" height=\"534\" src=\"https:\/\/bedentberlin.de\/wp-content\/uploads\/2021\/05\/Image-4YHMXR4-1024x684.png\" class=\"attachment-large size-large\" alt=\"\" srcset=\"https:\/\/bedentberlin.de\/wp-content\/uploads\/2021\/05\/Image-4YHMXR4-1024x684.png 1024w, https:\/\/bedentberlin.de\/wp-content\/uploads\/2021\/05\/Image-4YHMXR4-300x200.png 300w, https:\/\/bedentberlin.de\/wp-content\/uploads\/2021\/05\/Image-4YHMXR4-768x513.png 768w, https:\/\/bedentberlin.de\/wp-content\/uploads\/2021\/05\/Image-4YHMXR4-1536x1026.png 1536w, https:\/\/bedentberlin.de\/wp-content\/uploads\/2021\/05\/Image-4YHMXR4.png 1634w\" sizes=\"auto, (max-width: 800px) 100vw, 800px\" \/>\t\t\t\t\t\t\t\t\t\t\t\t\t\t\t<\/div>\n\t\t\t\t<\/div>\n\t\t\t\t\t<\/div>\n\t\t<\/div>\n\t\t\t\t\t\t\t<\/div>\n\t\t<\/section>\n\t\t\t\t<section class=\"elementor-section elementor-top-section elementor-element elementor-element-216fdf7 elementor-section-boxed elementor-section-height-default elementor-section-height-default\" data-id=\"216fdf7\" data-element_type=\"section\">\n\t\t\t\t\t\t<div class=\"elementor-container elementor-column-gap-default\">\n\t\t\t\t\t<div class=\"elementor-column elementor-col-100 elementor-top-column elementor-element elementor-element-2d51bb1\" data-id=\"2d51bb1\" data-element_type=\"column\">\n\t\t\t<div class=\"elementor-widget-wrap elementor-element-populated\">\n\t\t\t\t\t\t\t\t<section class=\"elementor-section elementor-inner-section elementor-element elementor-element-50edfc3 elementor-section-boxed elementor-section-height-default elementor-section-height-default\" data-id=\"50edfc3\" data-element_type=\"section\" data-settings=\"{&quot;background_background&quot;:&quot;classic&quot;}\">\n\t\t\t\t\t\t<div class=\"elementor-container elementor-column-gap-wide\">\n\t\t\t\t\t<div class=\"elementor-column elementor-col-25 elementor-inner-column elementor-element elementor-element-d17e8bc\" data-id=\"d17e8bc\" data-element_type=\"column\">\n\t\t\t<div class=\"elementor-widget-wrap elementor-element-populated\">\n\t\t\t\t\t\t\t\t<div class=\"elementor-element elementor-element-0ebae91 elementor-position-top elementor-vertical-align-top elementor-invisible elementor-widget elementor-widget-image-box\" data-id=\"0ebae91\" data-element_type=\"widget\" data-settings=\"{&quot;_animation&quot;:&quot;fadeInDown&quot;}\" data-widget_type=\"image-box.default\">\n\t\t\t\t<div class=\"elementor-widget-container\">\n\t\t\t<div class=\"elementor-image-box-wrapper\"><figure class=\"elementor-image-box-img\"><img loading=\"lazy\" decoding=\"async\" width=\"680\" height=\"680\" src=\"https:\/\/bedentberlin.de\/wp-content\/uploads\/2021\/05\/Image-dental-care-black-01.png\" class=\"elementor-animation-float attachment-full size-full\" alt=\"\" \/><\/figure><div class=\"elementor-image-box-content\"><h5 class=\"elementor-image-box-title\">Guarantee<\/h5><p class=\"elementor-image-box-description\">All practices that we carry out in our dental office are guaranteed.\n<\/p><\/div><\/div>\t\t<\/div>\n\t\t\t\t<\/div>\n\t\t\t\t\t<\/div>\n\t\t<\/div>\n\t\t\t\t<div class=\"elementor-column elementor-col-25 elementor-inner-column elementor-element elementor-element-e776cc7\" data-id=\"e776cc7\" data-element_type=\"column\">\n\t\t\t<div class=\"elementor-widget-wrap elementor-element-populated\">\n\t\t\t\t\t\t\t\t<div class=\"elementor-element elementor-element-41633b5 elementor-position-top elementor-vertical-align-top elementor-invisible elementor-widget elementor-widget-image-box\" data-id=\"41633b5\" data-element_type=\"widget\" data-settings=\"{&quot;_animation&quot;:&quot;fadeInDown&quot;}\" data-widget_type=\"image-box.default\">\n\t\t\t\t<div class=\"elementor-widget-container\">\n\t\t\t<div class=\"elementor-image-box-wrapper\"><figure class=\"elementor-image-box-img\"><img loading=\"lazy\" decoding=\"async\" width=\"680\" height=\"680\" src=\"https:\/\/bedentberlin.de\/wp-content\/uploads\/2021\/05\/Image-dental-care-black-15.png\" class=\"elementor-animation-float attachment-full size-full\" alt=\"\" \/><\/figure><div class=\"elementor-image-box-content\"><h5 class=\"elementor-image-box-title\">Hygienic Environment<\/h5><p class=\"elementor-image-box-description\">We regard patient health and hygiene as our top priority in treatment.\n<\/p><\/div><\/div>\t\t<\/div>\n\t\t\t\t<\/div>\n\t\t\t\t\t<\/div>\n\t\t<\/div>\n\t\t\t\t<div class=\"elementor-column elementor-col-25 elementor-inner-column elementor-element elementor-element-8af0265\" data-id=\"8af0265\" data-element_type=\"column\">\n\t\t\t<div class=\"elementor-widget-wrap elementor-element-populated\">\n\t\t\t\t\t\t\t\t<div class=\"elementor-element elementor-element-ec03ac4 elementor-position-top elementor-vertical-align-top elementor-invisible elementor-widget elementor-widget-image-box\" data-id=\"ec03ac4\" data-element_type=\"widget\" data-settings=\"{&quot;_animation&quot;:&quot;fadeInDown&quot;}\" data-widget_type=\"image-box.default\">\n\t\t\t\t<div class=\"elementor-widget-container\">\n\t\t\t<div class=\"elementor-image-box-wrapper\"><figure class=\"elementor-image-box-img\"><img loading=\"lazy\" decoding=\"async\" width=\"680\" height=\"680\" src=\"https:\/\/bedentberlin.de\/wp-content\/uploads\/2021\/05\/Image-dental-care-black-23.png\" class=\"elementor-animation-float attachment-full size-full\" alt=\"\" \/><\/figure><div class=\"elementor-image-box-content\"><h5 class=\"elementor-image-box-title\">Online Appointment<\/h5><p class=\"elementor-image-box-description\">You can quickly contact us via our contact information or online form.\n<\/p><\/div><\/div>\t\t<\/div>\n\t\t\t\t<\/div>\n\t\t\t\t\t<\/div>\n\t\t<\/div>\n\t\t\t\t<div class=\"elementor-column elementor-col-25 elementor-inner-column elementor-element elementor-element-e9200f1\" data-id=\"e9200f1\" data-element_type=\"column\">\n\t\t\t<div class=\"elementor-widget-wrap elementor-element-populated\">\n\t\t\t\t\t\t\t\t<div class=\"elementor-element elementor-element-19037c3 elementor-position-top elementor-vertical-align-top elementor-invisible elementor-widget elementor-widget-image-box\" data-id=\"19037c3\" data-element_type=\"widget\" data-settings=\"{&quot;_animation&quot;:&quot;fadeInDown&quot;}\" data-widget_type=\"image-box.default\">\n\t\t\t\t<div class=\"elementor-widget-container\">\n\t\t\t<div class=\"elementor-image-box-wrapper\"><figure class=\"elementor-image-box-img\"><img loading=\"lazy\" decoding=\"async\" width=\"680\" height=\"680\" src=\"https:\/\/bedentberlin.de\/wp-content\/uploads\/2021\/05\/Image-dental-care-black-03.png\" class=\"elementor-animation-float attachment-full size-full\" alt=\"\" \/><\/figure><div class=\"elementor-image-box-content\"><h5 class=\"elementor-image-box-title\">Technology<\/h5><p class=\"elementor-image-box-description\">We take advantage of all opportunities, offered by technology and scientific data.\n<\/p><\/div><\/div>\t\t<\/div>\n\t\t\t\t<\/div>\n\t\t\t\t\t<\/div>\n\t\t<\/div>\n\t\t\t\t\t\t\t<\/div>\n\t\t<\/section>\n\t\t\t\t\t<\/div>\n\t\t<\/div>\n\t\t\t\t\t\t\t<\/div>\n\t\t<\/section>\n\t\t\t\t\t\t<\/div>\n\t\t\t\t\t<\/div>\n\t\t","protected":false},"excerpt":{"rendered":"<p>Frequently Asked Questions CORPORATE FAQ What Is AestheticDentistry? Aesthetic Dentistry is now an area that can appeal to all adult people. There are many benefits of being examined\u00a0by an aesthetic dentist for everyone\u00a0over the age of 18. Thanks to new practices in dentistry and minimum invasive techniques, that is to say, massive contributions can be [&hellip;]<\/p>\n","protected":false},"author":1,"featured_media":0,"parent":0,"menu_order":0,"comment_status":"closed","ping_status":"closed","template":"","meta":{"footnotes":""},"class_list":["post-791","page","type-page","status-publish","hentry"],"yoast_head":"<!-- This site is optimized with the Yoast SEO plugin v17.8 - https:\/\/yoast.com\/wordpress\/plugins\/seo\/ -->\n<title>FAQ - T\u00fcrk di\u015f Doktoru \u00d6zlem Seyfi - Berlin T\u00fcrk Di\u015f Doktoru<\/title>\n<meta name=\"robots\" content=\"index, follow, max-snippet:-1, max-image-preview:large, max-video-preview:-1\" \/>\n<link rel=\"canonical\" href=\"https:\/\/bedentberlin.de\/en\/faq\/\" \/>\n<meta property=\"og:locale\" content=\"en_US\" \/>\n<meta property=\"og:type\" content=\"article\" \/>\n<meta property=\"og:title\" content=\"FAQ - T\u00fcrk di\u015f Doktoru \u00d6zlem Seyfi - Berlin T\u00fcrk Di\u015f Doktoru\" \/>\n<meta property=\"og:description\" content=\"Frequently Asked Questions CORPORATE FAQ What Is AestheticDentistry? Aesthetic Dentistry is now an area that can appeal to all adult people. There are many benefits of being examined\u00a0by an aesthetic dentist for everyone\u00a0over the age of 18. Thanks to new practices in dentistry and minimum invasive techniques, that is to say, massive contributions can be [&hellip;]\" \/>\n<meta property=\"og:url\" content=\"https:\/\/bedentberlin.de\/en\/faq\/\" \/>\n<meta property=\"og:site_name\" content=\"T\u00fcrk di\u015f Doktoru \u00d6zlem Seyfi - Berlin T\u00fcrk Di\u015f Doktoru\" \/>\n<meta property=\"article:modified_time\" content=\"2021-10-01T19:39:06+00:00\" \/>\n<meta property=\"og:image\" content=\"https:\/\/bedentberlin.de\/wp-content\/uploads\/2021\/05\/woman-at-the-dentists-chair-during-a-dental-proced-P9XHJPJ-683x1024.jpg\" \/>\n<meta name=\"twitter:card\" content=\"summary_large_image\" \/>\n<meta name=\"twitter:label1\" content=\"Est. reading time\" \/>\n\t<meta name=\"twitter:data1\" content=\"3 minutes\" \/>\n<script type=\"application\/ld+json\" class=\"yoast-schema-graph\">{\"@context\":\"https:\/\/schema.org\",\"@graph\":[{\"@type\":\"WebSite\",\"@id\":\"https:\/\/bedentberlin.de\/en\/#website\",\"url\":\"https:\/\/bedentberlin.de\/en\/\",\"name\":\"T\\u00fcrk di\\u015f Doktoru \\u00d6zlem Seyfi - Berlin T\\u00fcrk Di\\u015f Doktoru\",\"description\":\"\",\"potentialAction\":[{\"@type\":\"SearchAction\",\"target\":{\"@type\":\"EntryPoint\",\"urlTemplate\":\"https:\/\/bedentberlin.de\/en\/?s={search_term_string}\"},\"query-input\":\"required name=search_term_string\"}],\"inLanguage\":\"en-US\"},{\"@type\":\"ImageObject\",\"@id\":\"https:\/\/bedentberlin.de\/en\/faq\/#primaryimage\",\"inLanguage\":\"en-US\",\"url\":\"https:\/\/bedentberlin.de\/wp-content\/uploads\/2021\/05\/woman-at-the-dentists-chair-during-a-dental-proced-P9XHJPJ.jpg\",\"contentUrl\":\"https:\/\/bedentberlin.de\/wp-content\/uploads\/2021\/05\/woman-at-the-dentists-chair-during-a-dental-proced-P9XHJPJ.jpg\",\"width\":1500,\"height\":2250},{\"@type\":\"WebPage\",\"@id\":\"https:\/\/bedentberlin.de\/en\/faq\/#webpage\",\"url\":\"https:\/\/bedentberlin.de\/en\/faq\/\",\"name\":\"FAQ - T\\u00fcrk di\\u015f Doktoru \\u00d6zlem Seyfi - Berlin T\\u00fcrk Di\\u015f Doktoru\",\"isPartOf\":{\"@id\":\"https:\/\/bedentberlin.de\/en\/#website\"},\"primaryImageOfPage\":{\"@id\":\"https:\/\/bedentberlin.de\/en\/faq\/#primaryimage\"},\"datePublished\":\"2021-10-01T19:36:02+00:00\",\"dateModified\":\"2021-10-01T19:39:06+00:00\",\"breadcrumb\":{\"@id\":\"https:\/\/bedentberlin.de\/en\/faq\/#breadcrumb\"},\"inLanguage\":\"en-US\",\"potentialAction\":[{\"@type\":\"ReadAction\",\"target\":[\"https:\/\/bedentberlin.de\/en\/faq\/\"]}]},{\"@type\":\"BreadcrumbList\",\"@id\":\"https:\/\/bedentberlin.de\/en\/faq\/#breadcrumb\",\"itemListElement\":[{\"@type\":\"ListItem\",\"position\":1,\"name\":\"Anasayfa\",\"item\":\"https:\/\/bedentberlin.de\/en\/\"},{\"@type\":\"ListItem\",\"position\":2,\"name\":\"FAQ\"}]}]}<\/script>\n<!-- \/ Yoast SEO plugin. -->","yoast_head_json":{"title":"FAQ - T\u00fcrk di\u015f Doktoru \u00d6zlem Seyfi - Berlin T\u00fcrk Di\u015f Doktoru","robots":{"index":"index","follow":"follow","max-snippet":"max-snippet:-1","max-image-preview":"max-image-preview:large","max-video-preview":"max-video-preview:-1"},"canonical":"https:\/\/bedentberlin.de\/en\/faq\/","og_locale":"en_US","og_type":"article","og_title":"FAQ - T\u00fcrk di\u015f Doktoru \u00d6zlem Seyfi - Berlin T\u00fcrk Di\u015f Doktoru","og_description":"Frequently Asked Questions CORPORATE FAQ What Is AestheticDentistry? Aesthetic Dentistry is now an area that can appeal to all adult people. There are many benefits of being examined\u00a0by an aesthetic dentist for everyone\u00a0over the age of 18. Thanks to new practices in dentistry and minimum invasive techniques, that is to say, massive contributions can be [&hellip;]","og_url":"https:\/\/bedentberlin.de\/en\/faq\/","og_site_name":"T\u00fcrk di\u015f Doktoru \u00d6zlem Seyfi - Berlin T\u00fcrk Di\u015f Doktoru","article_modified_time":"2021-10-01T19:39:06+00:00","og_image":[{"url":"https:\/\/bedentberlin.de\/wp-content\/uploads\/2021\/05\/woman-at-the-dentists-chair-during-a-dental-proced-P9XHJPJ-683x1024.jpg"}],"twitter_card":"summary_large_image","twitter_misc":{"Est. reading time":"3 minutes"},"schema":{"@context":"https:\/\/schema.org","@graph":[{"@type":"WebSite","@id":"https:\/\/bedentberlin.de\/en\/#website","url":"https:\/\/bedentberlin.de\/en\/","name":"T\u00fcrk di\u015f Doktoru \u00d6zlem Seyfi - Berlin T\u00fcrk Di\u015f Doktoru","description":"","potentialAction":[{"@type":"SearchAction","target":{"@type":"EntryPoint","urlTemplate":"https:\/\/bedentberlin.de\/en\/?s={search_term_string}"},"query-input":"required name=search_term_string"}],"inLanguage":"en-US"},{"@type":"ImageObject","@id":"https:\/\/bedentberlin.de\/en\/faq\/#primaryimage","inLanguage":"en-US","url":"https:\/\/bedentberlin.de\/wp-content\/uploads\/2021\/05\/woman-at-the-dentists-chair-during-a-dental-proced-P9XHJPJ.jpg","contentUrl":"https:\/\/bedentberlin.de\/wp-content\/uploads\/2021\/05\/woman-at-the-dentists-chair-during-a-dental-proced-P9XHJPJ.jpg","width":1500,"height":2250},{"@type":"WebPage","@id":"https:\/\/bedentberlin.de\/en\/faq\/#webpage","url":"https:\/\/bedentberlin.de\/en\/faq\/","name":"FAQ - T\u00fcrk di\u015f Doktoru \u00d6zlem Seyfi - Berlin T\u00fcrk Di\u015f Doktoru","isPartOf":{"@id":"https:\/\/bedentberlin.de\/en\/#website"},"primaryImageOfPage":{"@id":"https:\/\/bedentberlin.de\/en\/faq\/#primaryimage"},"datePublished":"2021-10-01T19:36:02+00:00","dateModified":"2021-10-01T19:39:06+00:00","breadcrumb":{"@id":"https:\/\/bedentberlin.de\/en\/faq\/#breadcrumb"},"inLanguage":"en-US","potentialAction":[{"@type":"ReadAction","target":["https:\/\/bedentberlin.de\/en\/faq\/"]}]},{"@type":"BreadcrumbList","@id":"https:\/\/bedentberlin.de\/en\/faq\/#breadcrumb","itemListElement":[{"@type":"ListItem","position":1,"name":"Anasayfa","item":"https:\/\/bedentberlin.de\/en\/"},{"@type":"ListItem","position":2,"name":"FAQ"}]}]}},"_links":{"self":[{"href":"https:\/\/bedentberlin.de\/en\/wp-json\/wp\/v2\/pages\/791","targetHints":{"allow":["GET"]}}],"collection":[{"href":"https:\/\/bedentberlin.de\/en\/wp-json\/wp\/v2\/pages"}],"about":[{"href":"https:\/\/bedentberlin.de\/en\/wp-json\/wp\/v2\/types\/page"}],"author":[{"embeddable":true,"href":"https:\/\/bedentberlin.de\/en\/wp-json\/wp\/v2\/users\/1"}],"replies":[{"embeddable":true,"href":"https:\/\/bedentberlin.de\/en\/wp-json\/wp\/v2\/comments?post=791"}],"version-history":[{"count":4,"href":"https:\/\/bedentberlin.de\/en\/wp-json\/wp\/v2\/pages\/791\/revisions"}],"predecessor-version":[{"id":795,"href":"https:\/\/bedentberlin.de\/en\/wp-json\/wp\/v2\/pages\/791\/revisions\/795"}],"wp:attachment":[{"href":"https:\/\/bedentberlin.de\/en\/wp-json\/wp\/v2\/media?parent=791"}],"curies":[{"name":"wp","href":"https:\/\/api.w.org\/{rel}","templated":true}]}}