{"id":781,"date":"2021-10-01T22:28:56","date_gmt":"2021-10-01T19:28:56","guid":{"rendered":"https:\/\/bedentberlin.de\/?page_id=781\/"},"modified":"2021-10-01T22:30:37","modified_gmt":"2021-10-01T19:30:37","slug":"about","status":"publish","type":"page","link":"https:\/\/bedentberlin.de\/en\/about\/","title":{"rendered":"About"},"content":{"rendered":"\t\t<div data-elementor-type=\"wp-page\" data-elementor-id=\"781\" class=\"elementor elementor-781\" data-elementor-settings=\"[]\">\n\t\t\t\t\t\t\t<div class=\"elementor-section-wrap\">\n\t\t\t\t\t\t\t<section class=\"elementor-section elementor-top-section elementor-element elementor-element-8ea9d41 elementor-section-height-min-height elementor-section-boxed elementor-section-height-default elementor-section-items-middle\" data-id=\"8ea9d41\" data-element_type=\"section\" data-settings=\"{&quot;background_background&quot;:&quot;classic&quot;}\">\n\t\t\t\t\t\t\t<div class=\"elementor-background-overlay\"><\/div>\n\t\t\t\t\t\t\t<div class=\"elementor-container elementor-column-gap-wider\">\n\t\t\t\t\t<div class=\"elementor-column elementor-col-100 elementor-top-column elementor-element elementor-element-e987bd3\" data-id=\"e987bd3\" data-element_type=\"column\">\n\t\t\t<div class=\"elementor-widget-wrap elementor-element-populated\">\n\t\t\t\t\t\t\t\t<div class=\"elementor-element elementor-element-cbdd2b5 elementor-invisible elementor-widget elementor-widget-heading\" data-id=\"cbdd2b5\" data-element_type=\"widget\" data-settings=\"{&quot;_animation&quot;:&quot;fadeInDown&quot;}\" data-widget_type=\"heading.default\">\n\t\t\t\t<div class=\"elementor-widget-container\">\n\t\t\t<h1 class=\"elementor-heading-title elementor-size-default\">Dt. \u00d6zlem Seyfi<\/h1>\t\t<\/div>\n\t\t\t\t<\/div>\n\t\t\t\t\t<\/div>\n\t\t<\/div>\n\t\t\t\t\t\t\t<\/div>\n\t\t<\/section>\n\t\t\t\t<section class=\"elementor-section elementor-top-section elementor-element elementor-element-70b37b1 elementor-reverse-mobile elementor-section-boxed elementor-section-height-default elementor-section-height-default\" data-id=\"70b37b1\" data-element_type=\"section\">\n\t\t\t\t\t\t<div class=\"elementor-container elementor-column-gap-wider\">\n\t\t\t\t\t<div class=\"elementor-column elementor-col-33 elementor-top-column elementor-element elementor-element-3989c2f\" data-id=\"3989c2f\" data-element_type=\"column\">\n\t\t\t<div class=\"elementor-widget-wrap elementor-element-populated\">\n\t\t\t\t\t\t\t\t<div class=\"elementor-element elementor-element-2ce98cc elementor-widget__width-auto elementor-invisible elementor-widget elementor-widget-image\" data-id=\"2ce98cc\" data-element_type=\"widget\" data-settings=\"{&quot;_animation&quot;:&quot;fadeInDown&quot;}\" data-widget_type=\"image.default\">\n\t\t\t\t<div class=\"elementor-widget-container\">\n\t\t\t\t\t\t\t\t\t\t\t\t\t\t\t<img loading=\"lazy\" decoding=\"async\" width=\"506\" height=\"644\" src=\"https:\/\/bedentberlin.de\/wp-content\/uploads\/2021\/05\/bew-foto.jpg\" class=\"attachment-full size-full\" alt=\"\" srcset=\"https:\/\/bedentberlin.de\/wp-content\/uploads\/2021\/05\/bew-foto.jpg 506w, https:\/\/bedentberlin.de\/wp-content\/uploads\/2021\/05\/bew-foto-236x300.jpg 236w\" sizes=\"auto, (max-width: 506px) 100vw, 506px\" \/>\t\t\t\t\t\t\t\t\t\t\t\t\t\t\t<\/div>\n\t\t\t\t<\/div>\n\t\t\t\t\t<\/div>\n\t\t<\/div>\n\t\t\t\t<div class=\"elementor-column elementor-col-33 elementor-top-column elementor-element elementor-element-dd06679\" data-id=\"dd06679\" data-element_type=\"column\">\n\t\t\t<div class=\"elementor-widget-wrap\">\n\t\t\t\t\t\t\t\t\t<\/div>\n\t\t<\/div>\n\t\t\t\t<div class=\"elementor-column elementor-col-33 elementor-top-column elementor-element elementor-element-69980b3\" data-id=\"69980b3\" data-element_type=\"column\">\n\t\t\t<div class=\"elementor-widget-wrap elementor-element-populated\">\n\t\t\t\t\t\t\t\t<div class=\"elementor-element elementor-element-0da5317 elementor-invisible elementor-widget elementor-widget-heading\" data-id=\"0da5317\" data-element_type=\"widget\" data-settings=\"{&quot;_animation&quot;:&quot;fadeInDown&quot;}\" data-widget_type=\"heading.default\">\n\t\t\t\t<div class=\"elementor-widget-container\">\n\t\t\t<div class=\"elementor-heading-title elementor-size-default\">\u2028BERLIN TURKISH DENTIST\n<\/div>\t\t<\/div>\n\t\t\t\t<\/div>\n\t\t\t\t<div class=\"elementor-element elementor-element-2439668 elementor-invisible elementor-widget elementor-widget-heading\" data-id=\"2439668\" data-element_type=\"widget\" data-settings=\"{&quot;_animation&quot;:&quot;fadeInLeft&quot;,&quot;_animation_delay&quot;:&quot;200&quot;}\" data-widget_type=\"heading.default\">\n\t\t\t\t<div class=\"elementor-widget-container\">\n\t\t\t<h2 class=\"elementor-heading-title elementor-size-default\">Dt. \u00d6zlem Seyfi <\/h2>\t\t<\/div>\n\t\t\t\t<\/div>\n\t\t\t\t<div class=\"elementor-element elementor-element-dd3c0be elementor-invisible elementor-widget elementor-widget-text-editor\" data-id=\"dd3c0be\" data-element_type=\"widget\" data-settings=\"{&quot;_animation&quot;:&quot;fadeInDown&quot;}\" data-widget_type=\"text-editor.default\">\n\t\t\t\t<div class=\"elementor-widget-container\">\n\t\t\t\t\t\t\t<p class=\"p1\"><span class=\"s1\">Dt. Ozlem Seyfi<\/span><\/p><p class=\"p1\"><strong><span class=\"s1\">Professional Experiences<\/span><\/strong><\/p><ul class=\"ul1\"><li class=\"li3\"><span class=\"s3\">2002-2006 Faculty of Medicine George-August-Universit\u00e4t (GAU) Gottingen<\/span><\/li><li class=\"li3\"><span class=\"s3\">2007-2012 Faculty of Dentistry Charite\u00a0<\/span><\/li><li class=\"li3\"><span class=\"s3\">2012 Dentist Graduation<\/span><\/li><li class=\"li3\"><span class=\"s3\">2012-2014 Assistantship Dental Clinic Berlin<\/span><\/li><li class=\"li3\"><span class=\"s3\">2014-2021 Berlin \u2013 Periodontology and Pediatric Treatment in Dental Consulting Room<\/span><\/li><li class=\"li3\"><span class=\"s3\">2016-2017 Periodontology Specialty\u00a0PPI Berlin<\/span><\/li><li class=\"li3\"><span class=\"s3\">01\/2020 Nitrous Oxide \u201cLaughing Gas\u201c\u00a0Training<\/span><span class=\"s1\"><span class=\"Apple-converted-space\">\u00a0<\/span><\/span><\/li><li class=\"li3\"><span class=\"s3\">06\/2020 Training for Specialty in Natural Therapy<\/span><\/li><li class=\"li3\"><span class=\"s3\">06\/2021 Thomas Welker Dental Consulting Room assignment<\/span><\/li><\/ul><p class=\"p1\"><strong><span class=\"s1\">Foreign Languages :<\/span><\/strong><\/p><ol class=\"ol1\"><li class=\"li3\"><span class=\"s3\">German<\/span><\/li><li class=\"li3\"><span class=\"s3\">English<\/span><\/li><li class=\"li3\"><span class=\"s3\">French<\/span><\/li><\/ol><p class=\"p1\"><strong><span class=\"s1\">Professional Memberships:<\/span><\/strong><\/p><ol class=\"ol1\"><li class=\"li3\"><span class=\"s3\">Dentista e.v.<\/span><\/li><\/ol>\t\t\t\t\t\t<\/div>\n\t\t\t\t<\/div>\n\t\t\t\t\t<\/div>\n\t\t<\/div>\n\t\t\t\t\t\t\t<\/div>\n\t\t<\/section>\n\t\t\t\t\t\t<\/div>\n\t\t\t\t\t<\/div>\n\t\t","protected":false},"excerpt":{"rendered":"<p>Dt. \u00d6zlem Seyfi \u2028BERLIN TURKISH DENTIST Dt. \u00d6zlem Seyfi Dt. Ozlem Seyfi Professional Experiences 2002-2006 Faculty of Medicine George-August-Universit\u00e4t (GAU) Gottingen 2007-2012 Faculty of Dentistry Charite\u00a0 2012 Dentist Graduation 2012-2014 Assistantship Dental Clinic Berlin 2014-2021 Berlin \u2013 Periodontology and Pediatric Treatment in Dental Consulting Room 2016-2017 Periodontology Specialty\u00a0PPI Berlin 01\/2020 Nitrous Oxide \u201cLaughing Gas\u201c\u00a0Training\u00a0 06\/2020 [&hellip;]<\/p>\n","protected":false},"author":1,"featured_media":0,"parent":0,"menu_order":0,"comment_status":"closed","ping_status":"closed","template":"","meta":{"footnotes":""},"class_list":["post-781","page","type-page","status-publish","hentry"],"yoast_head":"<!-- This site is optimized with the Yoast SEO plugin v17.8 - https:\/\/yoast.com\/wordpress\/plugins\/seo\/ -->\n<title>About - T\u00fcrk di\u015f Doktoru \u00d6zlem Seyfi - Berlin T\u00fcrk Di\u015f Doktoru<\/title>\n<meta name=\"robots\" content=\"index, follow, max-snippet:-1, max-image-preview:large, max-video-preview:-1\" \/>\n<link rel=\"canonical\" href=\"https:\/\/bedentberlin.de\/en\/about\/\" \/>\n<meta property=\"og:locale\" content=\"en_US\" \/>\n<meta property=\"og:type\" content=\"article\" \/>\n<meta property=\"og:title\" content=\"About - T\u00fcrk di\u015f Doktoru \u00d6zlem Seyfi - Berlin T\u00fcrk Di\u015f Doktoru\" \/>\n<meta property=\"og:description\" content=\"Dt. \u00d6zlem Seyfi \u2028BERLIN TURKISH DENTIST Dt. \u00d6zlem Seyfi Dt. Ozlem Seyfi Professional Experiences 2002-2006 Faculty of Medicine George-August-Universit\u00e4t (GAU) Gottingen 2007-2012 Faculty of Dentistry Charite\u00a0 2012 Dentist Graduation 2012-2014 Assistantship Dental Clinic Berlin 2014-2021 Berlin \u2013 Periodontology and Pediatric Treatment in Dental Consulting Room 2016-2017 Periodontology Specialty\u00a0PPI Berlin 01\/2020 Nitrous Oxide \u201cLaughing Gas\u201c\u00a0Training\u00a0 06\/2020 [&hellip;]\" \/>\n<meta property=\"og:url\" content=\"https:\/\/bedentberlin.de\/en\/about\/\" \/>\n<meta property=\"og:site_name\" content=\"T\u00fcrk di\u015f Doktoru \u00d6zlem Seyfi - Berlin T\u00fcrk Di\u015f Doktoru\" \/>\n<meta property=\"article:modified_time\" content=\"2021-10-01T19:30:37+00:00\" \/>\n<meta property=\"og:image\" content=\"https:\/\/bedentberlin.de\/wp-content\/uploads\/2021\/05\/bew-foto.jpg\" \/>\n<meta name=\"twitter:card\" content=\"summary_large_image\" \/>\n<meta name=\"twitter:label1\" content=\"Est. reading time\" \/>\n\t<meta name=\"twitter:data1\" content=\"1 minute\" \/>\n<script type=\"application\/ld+json\" class=\"yoast-schema-graph\">{\"@context\":\"https:\/\/schema.org\",\"@graph\":[{\"@type\":\"WebSite\",\"@id\":\"https:\/\/bedentberlin.de\/en\/#website\",\"url\":\"https:\/\/bedentberlin.de\/en\/\",\"name\":\"T\\u00fcrk di\\u015f Doktoru \\u00d6zlem Seyfi - Berlin T\\u00fcrk Di\\u015f Doktoru\",\"description\":\"\",\"potentialAction\":[{\"@type\":\"SearchAction\",\"target\":{\"@type\":\"EntryPoint\",\"urlTemplate\":\"https:\/\/bedentberlin.de\/en\/?s={search_term_string}\"},\"query-input\":\"required name=search_term_string\"}],\"inLanguage\":\"en-US\"},{\"@type\":\"ImageObject\",\"@id\":\"https:\/\/bedentberlin.de\/en\/about\/#primaryimage\",\"inLanguage\":\"en-US\",\"url\":\"https:\/\/bedentberlin.de\/wp-content\/uploads\/2021\/05\/bew-foto.jpg\",\"contentUrl\":\"https:\/\/bedentberlin.de\/wp-content\/uploads\/2021\/05\/bew-foto.jpg\",\"width\":506,\"height\":644},{\"@type\":\"WebPage\",\"@id\":\"https:\/\/bedentberlin.de\/en\/about\/#webpage\",\"url\":\"https:\/\/bedentberlin.de\/en\/about\/\",\"name\":\"About - T\\u00fcrk di\\u015f Doktoru \\u00d6zlem Seyfi - Berlin T\\u00fcrk Di\\u015f Doktoru\",\"isPartOf\":{\"@id\":\"https:\/\/bedentberlin.de\/en\/#website\"},\"primaryImageOfPage\":{\"@id\":\"https:\/\/bedentberlin.de\/en\/about\/#primaryimage\"},\"datePublished\":\"2021-10-01T19:28:56+00:00\",\"dateModified\":\"2021-10-01T19:30:37+00:00\",\"breadcrumb\":{\"@id\":\"https:\/\/bedentberlin.de\/en\/about\/#breadcrumb\"},\"inLanguage\":\"en-US\",\"potentialAction\":[{\"@type\":\"ReadAction\",\"target\":[\"https:\/\/bedentberlin.de\/en\/about\/\"]}]},{\"@type\":\"BreadcrumbList\",\"@id\":\"https:\/\/bedentberlin.de\/en\/about\/#breadcrumb\",\"itemListElement\":[{\"@type\":\"ListItem\",\"position\":1,\"name\":\"Anasayfa\",\"item\":\"https:\/\/bedentberlin.de\/en\/\"},{\"@type\":\"ListItem\",\"position\":2,\"name\":\"About\"}]}]}<\/script>\n<!-- \/ Yoast SEO plugin. -->","yoast_head_json":{"title":"About - T\u00fcrk di\u015f Doktoru \u00d6zlem Seyfi - Berlin T\u00fcrk Di\u015f Doktoru","robots":{"index":"index","follow":"follow","max-snippet":"max-snippet:-1","max-image-preview":"max-image-preview:large","max-video-preview":"max-video-preview:-1"},"canonical":"https:\/\/bedentberlin.de\/en\/about\/","og_locale":"en_US","og_type":"article","og_title":"About - T\u00fcrk di\u015f Doktoru \u00d6zlem Seyfi - Berlin T\u00fcrk Di\u015f Doktoru","og_description":"Dt. \u00d6zlem Seyfi \u2028BERLIN TURKISH DENTIST Dt. \u00d6zlem Seyfi Dt. Ozlem Seyfi Professional Experiences 2002-2006 Faculty of Medicine George-August-Universit\u00e4t (GAU) Gottingen 2007-2012 Faculty of Dentistry Charite\u00a0 2012 Dentist Graduation 2012-2014 Assistantship Dental Clinic Berlin 2014-2021 Berlin \u2013 Periodontology and Pediatric Treatment in Dental Consulting Room 2016-2017 Periodontology Specialty\u00a0PPI Berlin 01\/2020 Nitrous Oxide \u201cLaughing Gas\u201c\u00a0Training\u00a0 06\/2020 [&hellip;]","og_url":"https:\/\/bedentberlin.de\/en\/about\/","og_site_name":"T\u00fcrk di\u015f Doktoru \u00d6zlem Seyfi - Berlin T\u00fcrk Di\u015f Doktoru","article_modified_time":"2021-10-01T19:30:37+00:00","og_image":[{"url":"https:\/\/bedentberlin.de\/wp-content\/uploads\/2021\/05\/bew-foto.jpg"}],"twitter_card":"summary_large_image","twitter_misc":{"Est. reading time":"1 minute"},"schema":{"@context":"https:\/\/schema.org","@graph":[{"@type":"WebSite","@id":"https:\/\/bedentberlin.de\/en\/#website","url":"https:\/\/bedentberlin.de\/en\/","name":"T\u00fcrk di\u015f Doktoru \u00d6zlem Seyfi - Berlin T\u00fcrk Di\u015f Doktoru","description":"","potentialAction":[{"@type":"SearchAction","target":{"@type":"EntryPoint","urlTemplate":"https:\/\/bedentberlin.de\/en\/?s={search_term_string}"},"query-input":"required name=search_term_string"}],"inLanguage":"en-US"},{"@type":"ImageObject","@id":"https:\/\/bedentberlin.de\/en\/about\/#primaryimage","inLanguage":"en-US","url":"https:\/\/bedentberlin.de\/wp-content\/uploads\/2021\/05\/bew-foto.jpg","contentUrl":"https:\/\/bedentberlin.de\/wp-content\/uploads\/2021\/05\/bew-foto.jpg","width":506,"height":644},{"@type":"WebPage","@id":"https:\/\/bedentberlin.de\/en\/about\/#webpage","url":"https:\/\/bedentberlin.de\/en\/about\/","name":"About - T\u00fcrk di\u015f Doktoru \u00d6zlem Seyfi - Berlin T\u00fcrk Di\u015f Doktoru","isPartOf":{"@id":"https:\/\/bedentberlin.de\/en\/#website"},"primaryImageOfPage":{"@id":"https:\/\/bedentberlin.de\/en\/about\/#primaryimage"},"datePublished":"2021-10-01T19:28:56+00:00","dateModified":"2021-10-01T19:30:37+00:00","breadcrumb":{"@id":"https:\/\/bedentberlin.de\/en\/about\/#breadcrumb"},"inLanguage":"en-US","potentialAction":[{"@type":"ReadAction","target":["https:\/\/bedentberlin.de\/en\/about\/"]}]},{"@type":"BreadcrumbList","@id":"https:\/\/bedentberlin.de\/en\/about\/#breadcrumb","itemListElement":[{"@type":"ListItem","position":1,"name":"Anasayfa","item":"https:\/\/bedentberlin.de\/en\/"},{"@type":"ListItem","position":2,"name":"About"}]}]}},"_links":{"self":[{"href":"https:\/\/bedentberlin.de\/en\/wp-json\/wp\/v2\/pages\/781","targetHints":{"allow":["GET"]}}],"collection":[{"href":"https:\/\/bedentberlin.de\/en\/wp-json\/wp\/v2\/pages"}],"about":[{"href":"https:\/\/bedentberlin.de\/en\/wp-json\/wp\/v2\/types\/page"}],"author":[{"embeddable":true,"href":"https:\/\/bedentberlin.de\/en\/wp-json\/wp\/v2\/users\/1"}],"replies":[{"embeddable":true,"href":"https:\/\/bedentberlin.de\/en\/wp-json\/wp\/v2\/comments?post=781"}],"version-history":[{"count":4,"href":"https:\/\/bedentberlin.de\/en\/wp-json\/wp\/v2\/pages\/781\/revisions"}],"predecessor-version":[{"id":786,"href":"https:\/\/bedentberlin.de\/en\/wp-json\/wp\/v2\/pages\/781\/revisions\/786"}],"wp:attachment":[{"href":"https:\/\/bedentberlin.de\/en\/wp-json\/wp\/v2\/media?parent=781"}],"curies":[{"name":"wp","href":"https:\/\/api.w.org\/{rel}","templated":true}]}}